{"id":1869,"date":"2022-02-12T20:53:56","date_gmt":"2022-02-12T18:53:56","guid":{"rendered":"https:\/\/solar.md\/?post_type=product&#038;p=1869"},"modified":"2025-01-09T11:22:02","modified_gmt":"2025-01-09T09:22:02","slug":"sistem-de-iluminat-cu-energie-solara-2-lampi-led-si-powerbank-3500-mah","status":"publish","type":"product","link":"https:\/\/solar.md\/ro\/product\/sistem-de-iluminat-cu-energie-solara-2-lampi-led-si-powerbank-3500-mah\/","title":{"rendered":"Sistem de iluminat cu energie solar\u0103 2 l\u0103mpi LED \u0219i powerbank 3500 mAh"},"content":{"rendered":"<p><strong>Descriere<\/strong><\/p>\n<p>V\u0103 prezent\u0103m un sistem multifunc\u021bional. Setul include un panou solar, un acumulator de 3500 mAh, o lantern\u0103, 2 becuri LED \u0219i un cablu pentru \u00eenc\u0103rcarea diferitelor gadgeturi.<\/p>\n<p>Sistemul permite mai multe op\u021biuni de iluminare, o lantern\u0103 \u00eencorporat\u0103 \u00een partea din fa\u021b\u0103 \u0219i o lamp\u0103 situat\u0103 pe lateral.<\/p>\n<p>De asemenea, sunt incluse 2 becuri LED cu cabluri. L\u0103mpile au \u00eentrerup\u0103toare separate, ceea ce v\u0103 permite s\u0103 le ajusta\u021bi \u00een func\u021bie de nevoile dumneavoastr\u0103. Atunci c\u00e2nd l\u0103mpile sunt utilizate \u00een acela\u0219i timp, \u00eenc\u0103rcarea bateriei dureaz\u0103 10 ore. Sistemul are capacitatea de a \u00eenc\u0103rca diferite tipuri de dispozitive mobile &#8211; telefoane, tablete.<\/p>\n<p>Bateria poate fi \u00eenc\u0103rcat\u0103 \u00een dou\u0103 moduri &#8211; de la re\u021beaua de alimentare de 220 V sau de la panoul solar. Exist\u0103 un indicator de \u00eenc\u0103rcare a bateriei, precum \u0219i o lamp\u0103 LED de avarie. Dispozitivul este utilizat pe scar\u0103 larg\u0103 pentru v\u00e2n\u0103toare \u0219i pescuit, drume\u021bii, camping, echipamente pentru vile, rulote \u0219i corturi, adic\u0103 ca o surs\u0103 suplimentar\u0103 de energie regenerabil\u0103 \u00een diverse situa\u021bii.<\/p>\n<p>&nbsp;<\/p>\n<p><strong>Caracteristici<\/strong><\/p>\n<p>Sta\u021bie de iluminat alimentat\u0103 cu baterii, cu panou solar \u0219i op\u021bional cu lumini deta\u0219abile<\/p>\n<p>Sursa de lumin\u0103: Cree XHP 30 + panou COB + 2 buc. l\u0103mpi deta\u0219abile.<\/p>\n<p>Num\u0103rul de moduri de func\u021bionare: 3 moduri (100% P30, 1000% COB, 50% COB) + func\u021bia PowerBank + poate fi conectat la patru l\u0103mpi deta\u0219abile (2 buc. incluse \u00een set).<\/p>\n<p>Dimensiuni: dimensiuni totale, inclusiv m\u00e2nerul 168x145x67 mm.<\/p>\n<p>Alimentare: Func\u021bioneaz\u0103 de la un acumulator litiu-ion \u00eencorporat. \u00cenc\u0103rcarea are loc prin intermediul unui cablu USB sau al unui panou solar. Exist\u0103 func\u021bia PowerBank.<\/p>\n<p>&nbsp;<\/p>\n<p><strong>Accesorii<\/strong><\/p>\n<ul>\n<li>Sta\u021bie de \u00eenc\u0103rcare,<\/li>\n<li>lamp\u0103 deta\u0219abil\u0103, 2 buc,<\/li>\n<li>panou solar deta\u0219abil.<\/li>\n<li>cablu de \u00eenc\u0103rcare,<\/li>\n<li>Ambalaj: cutie original\u0103.<\/li>\n<\/ul>\n","protected":false},"excerpt":{"rendered":"<p>V\u0103 prezent\u0103m un sistem multifunc\u021bional. Setul include un panou solar, un acumulator de 3500 mAh, o lantern\u0103, 2 becuri LED \u0219i un cablu pentru \u00eenc\u0103rcarea diferitelor gadgeturi.<\/p>\n","protected":false},"featured_media":1873,"comment_status":"open","ping_status":"closed","template":"","meta":[],"product_brand":[],"product_cat":[253],"product_tag":[298,299,300,335],"class_list":{"0":"post-1869","1":"product","2":"type-product","3":"status-publish","4":"has-post-thumbnail","6":"product_cat-sisteme-solare-autonome","7":"product_tag-cumpara-lampa-stradala-moldova","8":"product_tag-cumpara-lantern-chisinau","9":"product_tag-cumpara-o-lanterna-cu-senzor-de-miscare","10":"product_tag-lantern-moldova","12":"first","13":"outofstock","14":"shipping-taxable","15":"product-type-simple"},"aioseo_notices":[],"_links":{"self":[{"href":"https:\/\/solar.md\/ro\/wp-json\/wp\/v2\/product\/1869","targetHints":{"allow":["GET"]}}],"collection":[{"href":"https:\/\/solar.md\/ro\/wp-json\/wp\/v2\/product"}],"about":[{"href":"https:\/\/solar.md\/ro\/wp-json\/wp\/v2\/types\/product"}],"replies":[{"embeddable":true,"href":"https:\/\/solar.md\/ro\/wp-json\/wp\/v2\/comments?post=1869"}],"wp:featuredmedia":[{"embeddable":true,"href":"https:\/\/solar.md\/ro\/wp-json\/wp\/v2\/media\/1873"}],"wp:attachment":[{"href":"https:\/\/solar.md\/ro\/wp-json\/wp\/v2\/media?parent=1869"}],"wp:term":[{"taxonomy":"product_brand","embeddable":true,"href":"https:\/\/solar.md\/ro\/wp-json\/wp\/v2\/product_brand?post=1869"},{"taxonomy":"product_cat","embeddable":true,"href":"https:\/\/solar.md\/ro\/wp-json\/wp\/v2\/product_cat?post=1869"},{"taxonomy":"product_tag","embeddable":true,"href":"https:\/\/solar.md\/ro\/wp-json\/wp\/v2\/product_tag?post=1869"}],"curies":[{"name":"wp","href":"https:\/\/api.w.org\/{rel}","templated":true}]}}