{"id":1888,"date":"2023-02-12T20:48:53","date_gmt":"2023-02-12T18:48:53","guid":{"rendered":"https:\/\/solar.md\/?post_type=product&#038;p=1888"},"modified":"2025-01-09T11:45:53","modified_gmt":"2025-01-09T09:45:53","slug":"lampa-solara-stradala-dreptunghiulara-cu-senzor-de-miscare-8-led-lense","status":"publish","type":"product","link":"https:\/\/solar.md\/ro\/product\/lampa-solara-stradala-dreptunghiulara-cu-senzor-de-miscare-8-led-lense\/","title":{"rendered":"Lamp\u0103 solar\u0103 stradal\u0103 dreptunghiular\u0103 cu senzor de mi\u0219care 8 LED lense"},"content":{"rendered":"<p><strong>Descriere<\/strong><\/p>\n<p>Lampa solar\u0103, poate ilumina o suprafa\u021b\u0103 de p\u00e2n\u0103 la 140 m2.<\/p>\n<p>Solu\u021bia perfect\u0103 pentru a v\u0103 ilumina curtea f\u0103r\u0103 electricitate. Instalarea dureaz\u0103 pu\u021bin timp, iar efectul este uimitor.<\/p>\n<p>Senzor de mi\u0219care \u0219i amurg, trei moduri diferite de control de la telecomand\u0103<\/p>\n<p>1 mod &#8211; Felinarul func\u021bioneaz\u0103 pe baza unui senzor de mi\u0219care (se aprinde numai atunci c\u00e2nd se las\u0103 \u00eentunericul).<\/p>\n<p>2 mod &#8211; Lampa se aprinde la putere maxim\u0103 atunci c\u00e2nd este declan\u0219at senzorul de mi\u0219care \u0219i lumineaz\u0103 la 30% din puterea sa toat\u0103 noaptea, p\u00e2n\u0103 c\u00e2nd senzorul de amurg stinge becurile LED.<\/p>\n<p>3 mod &#8211; Felinarul func\u021bioneaz\u0103 cu ajutorul unui senzor de amurg. Dup\u0103 l\u0103sarea \u00eentunericului, felinarul se aprinde toat\u0103 noaptea, invariabil p\u00e2n\u0103 la r\u0103s\u0103rit.<\/p>\n<p>&nbsp;<\/p>\n<p><strong>Caracteristici<\/strong><\/p>\n<p>Model: W789A-4<\/p>\n<p>Sec\u021biuni: 8 buc.<\/p>\n<p>Diod\u0103: 208 de diode \u00een bucle<\/p>\n<p>Distan\u021ba de induc\u021bie: 5-10 m<\/p>\n<p>Acumulator: 3,7 V acumulator litiu-ion cu o capacitate de 6000mAh<\/p>\n<p>Panou solar: 5,5 V\/ 4,5 W<\/p>\n<p>Senzor de mi\u0219care<\/p>\n<p>&nbsp;<\/p>\n<p><strong>Accesorii<\/strong><\/p>\n<p>Felinar<\/p>\n<p>Fixare<\/p>\n<p>Telecomand\u0103<\/p>\n<p>Ambalaj: cutie original\u0103.<\/p>\n","protected":false},"excerpt":{"rendered":"<p>Solu\u021bia perfect\u0103 pentru a v\u0103 ilumina curtea f\u0103r\u0103 electricitate. Instalarea dureaz\u0103 pu\u021bin timp, iar efectul este uimitor.<\/p>\n","protected":false},"featured_media":3282,"comment_status":"open","ping_status":"closed","template":"","meta":[],"product_brand":[],"product_cat":[255,258],"product_tag":[298,299,300,335],"class_list":{"0":"post-1888","1":"product","2":"type-product","3":"status-publish","4":"has-post-thumbnail","6":"product_cat-iluminat-cu-panouri-solare","7":"product_cat-lumini-stradale","8":"product_tag-cumpara-lampa-stradala-moldova","9":"product_tag-cumpara-lantern-chisinau","10":"product_tag-cumpara-o-lanterna-cu-senzor-de-miscare","11":"product_tag-lantern-moldova","13":"first","14":"instock","15":"shipping-taxable","16":"purchasable","17":"product-type-simple"},"aioseo_notices":[],"_links":{"self":[{"href":"https:\/\/solar.md\/ro\/wp-json\/wp\/v2\/product\/1888","targetHints":{"allow":["GET"]}}],"collection":[{"href":"https:\/\/solar.md\/ro\/wp-json\/wp\/v2\/product"}],"about":[{"href":"https:\/\/solar.md\/ro\/wp-json\/wp\/v2\/types\/product"}],"replies":[{"embeddable":true,"href":"https:\/\/solar.md\/ro\/wp-json\/wp\/v2\/comments?post=1888"}],"wp:featuredmedia":[{"embeddable":true,"href":"https:\/\/solar.md\/ro\/wp-json\/wp\/v2\/media\/3282"}],"wp:attachment":[{"href":"https:\/\/solar.md\/ro\/wp-json\/wp\/v2\/media?parent=1888"}],"wp:term":[{"taxonomy":"product_brand","embeddable":true,"href":"https:\/\/solar.md\/ro\/wp-json\/wp\/v2\/product_brand?post=1888"},{"taxonomy":"product_cat","embeddable":true,"href":"https:\/\/solar.md\/ro\/wp-json\/wp\/v2\/product_cat?post=1888"},{"taxonomy":"product_tag","embeddable":true,"href":"https:\/\/solar.md\/ro\/wp-json\/wp\/v2\/product_tag?post=1888"}],"curies":[{"name":"wp","href":"https:\/\/api.w.org\/{rel}","templated":true}]}}