{"id":1910,"date":"2022-02-12T20:43:50","date_gmt":"2022-02-12T18:43:50","guid":{"rendered":"https:\/\/solar.md\/?post_type=product&#038;p=1910"},"modified":"2025-01-09T11:47:31","modified_gmt":"2025-01-09T09:47:31","slug":"lampa-solara-stradala-39-cm-cu-senzor-de-miscare-3-led-lense","status":"publish","type":"product","link":"https:\/\/solar.md\/ro\/product\/lampa-solara-stradala-39-cm-cu-senzor-de-miscare-3-led-lense\/","title":{"rendered":"Lamp\u0103 solar\u0103 stradal\u0103 39 cm cu senzor de mi\u0219care 3 LED lense"},"content":{"rendered":"<p><strong>Descriere<\/strong><\/p>\n<p>Lampa solar\u0103 stradal\u0103 este cea mai bun\u0103 lumin\u0103 stradal\u0103 cu energie solar\u0103 pentru mul\u021bi utilizatori din \u00eentreaga lume. Solar street light este un sistem de iluminat de \u00eenalt\u0103 calitate, care poate fi utilizat \u00een zonele reziden\u021biale, \u00een parc\u0103ri \u0219i \u00een alte locuri \u00een care este necesar\u0103 o iluminare care s\u0103 asigure securitatea.<\/p>\n<p>Atunci c\u00e2nd este complet \u00eenc\u0103rcat, lampa de exterior poate dura p\u00e2n\u0103 la 2 zile. Un alt avantaj al acestui felinar este absen\u021ba cablurilor. Senzorul de mi\u0219care se declan\u0219eaz\u0103 de la o distan\u021b\u0103 de p\u00e2n\u0103 la 5-9 metri \u0219i are un unghi de emisie a luminii de 120 de grade. Felinarul se aprinde automat la l\u0103sarea serii \u0219i se deconecteaz\u0103 \u00een zori.<\/p>\n<p>&nbsp;<\/p>\n<p><strong>Avantaje<\/strong><\/p>\n<p>Nu are nevoie de baterii sau de re\u00eenc\u0103rcare &#8211; func\u021bioneaz\u0103 cu ajutorul luminii solare;<\/p>\n<p>Luminozitatea cre\u0219te prin faptul c\u0103 reac\u021bioneaz\u0103 la mi\u0219care;<\/p>\n<p>Comod \u0219i u\u0219or de instalat;<\/p>\n<p>3 moduri de func\u021bionare;<\/p>\n<p>&nbsp;<\/p>\n<p><strong>Caracteristici<\/strong><strong>\u00a0<\/strong><\/p>\n<p>Tip: lamp\u0103 stradal\u0103;<\/p>\n<p>Senzor de mi\u0219care: cre\u0219te puterea LED-urilor, detect\u00e2nd prezen\u021ba persoanelor \u00een acel sector \u00een propor\u021bie de 100%;<\/p>\n<p>Puterea luminii, constant\u0103 la o intensitate de 50%, cre\u0219te la 100% atunci c\u00e2nd este detectat\u0103 o mi\u0219care;<\/p>\n<p>Raza de detec\u021bie: 7-9 metri;<\/p>\n<p>Autonomie de func\u021bionare continu\u0103 1 zi;<\/p>\n<p>Re\u00eenc\u0103rcare complet\u0103 5 &#8211; 6 ore \/ \u00cenc\u0103rcarea dureaz\u0103 1 &#8211; 2 zile;<\/p>\n<p>&nbsp;<\/p>\n<p><strong>Accesorii<\/strong><\/p>\n<ul>\n<li>Felinar<\/li>\n<li>Fixare<\/li>\n<li>Telecomand\u0103<\/li>\n<li>Ambalaj: cutie original\u0103.<\/li>\n<\/ul>\n","protected":false},"excerpt":{"rendered":"<p>Atunci c\u00e2nd este complet \u00eenc\u0103rcat, lampa de exterior poate dura p\u00e2n\u0103 la 2 zile. Senzorul de mi\u0219care se declan\u0219eaz\u0103 de la o distan\u021b\u0103 de p\u00e2n\u0103 la 5-9 metri \u0219i are un unghi de emisie a luminii de 120 de grade.<\/p>\n","protected":false},"featured_media":1911,"comment_status":"open","ping_status":"closed","template":"","meta":[],"product_brand":[],"product_cat":[255,258],"product_tag":[298,299,300],"class_list":{"0":"post-1910","1":"product","2":"type-product","3":"status-publish","4":"has-post-thumbnail","6":"product_cat-iluminat-cu-panouri-solare","7":"product_cat-lumini-stradale","8":"product_tag-cumpara-lampa-stradala-moldova","9":"product_tag-cumpara-lantern-chisinau","10":"product_tag-cumpara-o-lanterna-cu-senzor-de-miscare","12":"first","13":"outofstock","14":"shipping-taxable","15":"product-type-simple"},"aioseo_notices":[],"_links":{"self":[{"href":"https:\/\/solar.md\/ro\/wp-json\/wp\/v2\/product\/1910","targetHints":{"allow":["GET"]}}],"collection":[{"href":"https:\/\/solar.md\/ro\/wp-json\/wp\/v2\/product"}],"about":[{"href":"https:\/\/solar.md\/ro\/wp-json\/wp\/v2\/types\/product"}],"replies":[{"embeddable":true,"href":"https:\/\/solar.md\/ro\/wp-json\/wp\/v2\/comments?post=1910"}],"wp:featuredmedia":[{"embeddable":true,"href":"https:\/\/solar.md\/ro\/wp-json\/wp\/v2\/media\/1911"}],"wp:attachment":[{"href":"https:\/\/solar.md\/ro\/wp-json\/wp\/v2\/media?parent=1910"}],"wp:term":[{"taxonomy":"product_brand","embeddable":true,"href":"https:\/\/solar.md\/ro\/wp-json\/wp\/v2\/product_brand?post=1910"},{"taxonomy":"product_cat","embeddable":true,"href":"https:\/\/solar.md\/ro\/wp-json\/wp\/v2\/product_cat?post=1910"},{"taxonomy":"product_tag","embeddable":true,"href":"https:\/\/solar.md\/ro\/wp-json\/wp\/v2\/product_tag?post=1910"}],"curies":[{"name":"wp","href":"https:\/\/api.w.org\/{rel}","templated":true}]}}