{"id":1942,"date":"2023-02-12T20:34:24","date_gmt":"2023-02-12T18:34:24","guid":{"rendered":"https:\/\/solar.md\/?post_type=product&#038;p=1942"},"modified":"2025-01-09T11:50:28","modified_gmt":"2025-01-09T09:50:28","slug":"lampa-de-gradina-rotunda-cu-senzor-de-miscare-led-cob","status":"publish","type":"product","link":"https:\/\/solar.md\/ro\/product\/lampa-de-gradina-rotunda-cu-senzor-de-miscare-led-cob\/","title":{"rendered":"Lamp\u0103 de gr\u0103din\u0103 rotund\u0103 cu senzor de mi\u0219care LED COB"},"content":{"rendered":"<p><strong>Decsriere<\/strong><\/p>\n<p>Lamp\u0103 de exterior cu LED-uri alimentat\u0103 cu energie solar\u0103 \u0219i senzor de mi\u0219care. Lamp\u0103 de gr\u0103din\u0103 rezistent\u0103 la ap\u0103, decorativ\u0103, alimentat\u0103 cu energie solar\u0103. Aparatul de iluminat se aprinde \u00een 30 de secunde de la intrarea unui obiect \u00een c\u00e2mpul senzorului de mi\u0219care \u0219i se opre\u0219te automat dup\u0103 5 minute de la p\u0103r\u0103sirea zonei. Aparatul de iluminat are o raz\u0103 de ac\u021biune efectiv\u0103 de 2 m \u0219i are dimensiuni compacte. Potrivit pentru iluminarea fa\u021badelor exterioare, iluminarea exterioar\u0103 a cl\u0103dirilor, utilizat pentru iluminatul gr\u0103dinilor, cur\u021bilor, caselor de var\u0103. Butonul de pornire\/oprire se afl\u0103 pe corpul l\u0103mpii.<\/p>\n<p>Aceast\u0103 lamp\u0103 stradal\u0103 cu LED-uri va crea un aspect pl\u0103cut \u0219i va oferi siguran\u021b\u0103 cur\u021bii dvs. pe timp de noapte. Tot ce trebuie s\u0103 face\u021bi este s\u0103 ata\u0219a\u021bi lumina LED la perete.<\/p>\n<p>Lampa se \u00eencarc\u0103 \u00een timpul zilei de la lumina soarelui \u0219i se aprinde numai atunci c\u00e2nd detecteaz\u0103 mi\u0219c\u0103ri ale oamenilor \u00een raza sa de ac\u021biune, iar c\u00e2nd nu exist\u0103 nicio mi\u0219care se stinge. Pentru a o aprinde pentru prima dat\u0103, trebuie ap\u0103sat butonul de alimentare, iar apoi dispozitivul este activat de senzorul de mi\u0219care pe timp de noapte.<\/p>\n<p>&nbsp;<\/p>\n<p><strong>Caracteristici<\/strong><\/p>\n<p>Baterie: 3,7 V 1500 mAh, baterie re\u00eenc\u0103rcabil\u0103 litiu-ion<\/p>\n<p>Trei moduri de iluminare<\/p>\n<p>Regim de induc\u021bie: porne\u0219te automat la apus, se stinge automat \u00een zori. Asigur\u0103 o iluminare continu\u0103 timp de peste 48 de ore (dup\u0103 ce este complet \u00eenc\u0103rcat).<\/p>\n<p>Distan\u021ba senzorului: 3-10 m, unghi de vizualizare 120\u00b0.<\/p>\n<p>Impermeabilitate: IP65<\/p>\n<p>Timp de \u00eenc\u0103rcare complet\u0103: 4-6 ore<\/p>\n<p>Panou: siliciu policristalin \u0219i 3,7V 3W<\/p>\n<p>Sistem de control: \u00centrerup\u0103tor cu buton + telecomand\u0103<\/p>\n<p>&nbsp;<\/p>\n<p><strong>Accesorii<\/strong><\/p>\n<p>Dimensiunea lanternei: 30*20*4.5 cm \/ Greutate 630 g<\/p>\n<p>Dispozitive de fixare necesare.<\/p>\n<p>Ambalaj original.<\/p>\n","protected":false},"excerpt":{"rendered":"<p>Lamp\u0103 de gr\u0103din\u0103 rezistent\u0103 la ap\u0103, decorativ\u0103, alimentat\u0103 cu energie solar\u0103. Aparatul de iluminat se aprinde \u00een 30 de secunde de la intrarea unui obiect \u00een c\u00e2mpul senzorului de mi\u0219care \u0219i se opre\u0219te automat dup\u0103 5 minute de la p\u0103r\u0103sirea zonei.<\/p>\n","protected":false},"featured_media":3169,"comment_status":"open","ping_status":"closed","template":"","meta":[],"product_brand":[],"product_cat":[255,258],"product_tag":[298,299,300,335],"class_list":{"0":"post-1942","1":"product","2":"type-product","3":"status-publish","4":"has-post-thumbnail","6":"product_cat-iluminat-cu-panouri-solare","7":"product_cat-lumini-stradale","8":"product_tag-cumpara-lampa-stradala-moldova","9":"product_tag-cumpara-lantern-chisinau","10":"product_tag-cumpara-o-lanterna-cu-senzor-de-miscare","11":"product_tag-lantern-moldova","13":"first","14":"instock","15":"shipping-taxable","16":"purchasable","17":"product-type-simple"},"aioseo_notices":[],"_links":{"self":[{"href":"https:\/\/solar.md\/ro\/wp-json\/wp\/v2\/product\/1942","targetHints":{"allow":["GET"]}}],"collection":[{"href":"https:\/\/solar.md\/ro\/wp-json\/wp\/v2\/product"}],"about":[{"href":"https:\/\/solar.md\/ro\/wp-json\/wp\/v2\/types\/product"}],"replies":[{"embeddable":true,"href":"https:\/\/solar.md\/ro\/wp-json\/wp\/v2\/comments?post=1942"}],"wp:featuredmedia":[{"embeddable":true,"href":"https:\/\/solar.md\/ro\/wp-json\/wp\/v2\/media\/3169"}],"wp:attachment":[{"href":"https:\/\/solar.md\/ro\/wp-json\/wp\/v2\/media?parent=1942"}],"wp:term":[{"taxonomy":"product_brand","embeddable":true,"href":"https:\/\/solar.md\/ro\/wp-json\/wp\/v2\/product_brand?post=1942"},{"taxonomy":"product_cat","embeddable":true,"href":"https:\/\/solar.md\/ro\/wp-json\/wp\/v2\/product_cat?post=1942"},{"taxonomy":"product_tag","embeddable":true,"href":"https:\/\/solar.md\/ro\/wp-json\/wp\/v2\/product_tag?post=1942"}],"curies":[{"name":"wp","href":"https:\/\/api.w.org\/{rel}","templated":true}]}}