{"id":1950,"date":"2023-02-11T19:08:31","date_gmt":"2023-02-11T17:08:31","guid":{"rendered":"https:\/\/solar.md\/?post_type=product&#038;p=1950"},"modified":"2025-01-09T11:50:51","modified_gmt":"2025-01-09T09:50:51","slug":"lanterna-led-multifunctionala-proiector-power-bank","status":"publish","type":"product","link":"https:\/\/solar.md\/ro\/product\/lanterna-led-multifunctionala-proiector-power-bank\/","title":{"rendered":"Lantern\u0103 LED multifunc\u021bional\u0103, proiector + Power Bank"},"content":{"rendered":"<p><strong>Descriere<\/strong><\/p>\n<p>O lamp\u0103 de camping de calitate v\u0103 permite s\u0103 v\u0103 prelungi\u021bi ziua respectiv\u0103 f\u0103r\u0103 niciun disconfort atunci c\u00e2nd merge\u021bi cu cortul sau face\u021bi oricare alte treburi. Alege\u021bi \u00eentotdeauna un model bine protejat, bazat pe diode de lung\u0103 durat\u0103. Restul caracteristicilor ar trebui s\u0103 fie adaptate la cerin\u021bele individuale. Printre acestea se include num\u0103rul de moduri de func\u021bionare, luminozitatea, tipurile de baterii \u0219i dimensiunile l\u0103mpii \u00een sine. Exist\u0103 multe modele moderne de l\u0103mpi pentru camping din care pute\u021bi alege, astfel \u00eenc\u00e2t s\u0103 o g\u0103si\u021bi pe cea care vi se potrive\u0219te. \u0218i ve\u021bi fi sigur de utilitatea achizi\u021biei dvs. atunci c\u00e2nd ve\u021bi lua lanterna de camping \u00een prima dvs. excursie la natur\u0103.<\/p>\n<p>Aceast\u0103 lamp\u0103 nu numai c\u0103 poate fi folosit\u0103 pentru drume\u021bii, dar poate fi util\u0103 \u0219i atunci c\u00e2nd este depozitat\u0103 \u00een ma\u0219in\u0103, \u00een cazul \u00een care trebuie s\u0103 repara\u021bi sau s\u0103 schimba\u021bi o roat\u0103 pe timp de noapte.<\/p>\n<p>Dac\u0103 v\u0103 place pescuitul, aceast\u0103 lamp\u0103 va fi, de asemenea, o solu\u021bie bun\u0103 la multe probleme, deoarece o pute\u021bi folosi pentru a v\u0103 \u00eenc\u0103rca telefonul mobil, ceasul electronic, camera video, camera de ac\u021biune \u0219i multe alte gadgeturi, folosindu-l ca un Power Bank.<\/p>\n<p>Timp de iluminare &#8211; 5-8 ore. Timp de \u00eenc\u0103rcare &#8211; 5-6 ore. Lungime cablu &#8211; 45 cm<\/p>\n<p>&nbsp;<\/p>\n<p><strong>Caracteristici<\/strong><\/p>\n<p>Moduri de func\u021bionare: 3 (fa\u021b\u0103, 2 laterale &#8211; lumin\u0103 intens\u0103, lumin\u0103 bl\u00e2nd\u0103)<\/p>\n<p>Panou solar pentru \u00eenc\u0103rcarea l\u0103mpii;<\/p>\n<p>Port micro USB pentru \u00eenc\u0103rcarea l\u0103mpii;<\/p>\n<p>Port USB pentru func\u021bionarea ca Power Bank;<\/p>\n<p>Baterie re\u00eenc\u0103rcabil\u0103 \u00eencorporat\u0103: 1500 mAh;<\/p>\n<p>Material carcas\u0103: plastic ABS;<\/p>\n<p>M\u00e2ner confortabil pentru transport;<\/p>\n<p>Greutate: 236 g;<\/p>\n<p>Dimensiuni: HxLxH 192x135x63mm<\/p>\n<p>&nbsp;<\/p>\n<p><strong>Accesorii<\/strong><strong>\u00a0<\/strong><\/p>\n<ul>\n<li>Lantern\u0103<\/li>\n<li>Cablu de \u00eenc\u0103rcare Micro USB &#8211; USB;<\/li>\n<li>Cutie original\u0103.<\/li>\n<\/ul>\n","protected":false},"excerpt":{"rendered":"<p>Aceast\u0103 lamp\u0103 nu numai c\u0103 poate fi folosit\u0103 pentru drume\u021bii, dar poate fi util\u0103 \u0219i atunci c\u00e2nd este depozitat\u0103 \u00een ma\u0219in\u0103, \u00een cazul \u00een care trebuie s\u0103 repara\u021bi sau s\u0103 schimba\u021bi o roat\u0103 pe timp de noapte.<\/p>\n","protected":false},"featured_media":2923,"comment_status":"open","ping_status":"closed","template":"","meta":[],"product_brand":[],"product_cat":[259,254],"product_tag":[312,327,320],"class_list":{"0":"post-1950","1":"product","2":"type-product","3":"status-publish","4":"has-post-thumbnail","6":"product_cat-lanterne","7":"product_cat-sisteme-solare-turistice","8":"product_tag-lampa-solara","9":"product_tag-lampi-solare-de-exterior","10":"product_tag-lampa-solara-ro","12":"first","13":"instock","14":"shipping-taxable","15":"purchasable","16":"product-type-simple"},"aioseo_notices":[],"_links":{"self":[{"href":"https:\/\/solar.md\/ro\/wp-json\/wp\/v2\/product\/1950","targetHints":{"allow":["GET"]}}],"collection":[{"href":"https:\/\/solar.md\/ro\/wp-json\/wp\/v2\/product"}],"about":[{"href":"https:\/\/solar.md\/ro\/wp-json\/wp\/v2\/types\/product"}],"replies":[{"embeddable":true,"href":"https:\/\/solar.md\/ro\/wp-json\/wp\/v2\/comments?post=1950"}],"wp:featuredmedia":[{"embeddable":true,"href":"https:\/\/solar.md\/ro\/wp-json\/wp\/v2\/media\/2923"}],"wp:attachment":[{"href":"https:\/\/solar.md\/ro\/wp-json\/wp\/v2\/media?parent=1950"}],"wp:term":[{"taxonomy":"product_brand","embeddable":true,"href":"https:\/\/solar.md\/ro\/wp-json\/wp\/v2\/product_brand?post=1950"},{"taxonomy":"product_cat","embeddable":true,"href":"https:\/\/solar.md\/ro\/wp-json\/wp\/v2\/product_cat?post=1950"},{"taxonomy":"product_tag","embeddable":true,"href":"https:\/\/solar.md\/ro\/wp-json\/wp\/v2\/product_tag?post=1950"}],"curies":[{"name":"wp","href":"https:\/\/api.w.org\/{rel}","templated":true}]}}