{"id":1958,"date":"2023-02-11T12:22:54","date_gmt":"2023-02-11T10:22:54","guid":{"rendered":"https:\/\/solar.md\/?post_type=product&#038;p=1958"},"modified":"2025-01-09T11:51:18","modified_gmt":"2025-01-09T09:51:18","slug":"lampa-stradala-de-gradina-de-13-cm-cu-senzor-de-miscare-9-led-cob","status":"publish","type":"product","link":"https:\/\/solar.md\/ro\/product\/lampa-stradala-de-gradina-de-13-cm-cu-senzor-de-miscare-9-led-cob\/","title":{"rendered":"Lamp\u0103 stradal\u0103 de gr\u0103din\u0103 de 13 cm cu senzor de mi\u0219care 9 LED COB"},"content":{"rendered":"<p><strong>Descriere<\/strong><\/p>\n<p>Conceput pentru iluminatul autonom al zonei. Aparatul de iluminat este alimentat cu energie solar\u0103, astfel \u00eenc\u00e2t nu trebuie s\u0103 v\u0103 face\u021bi griji cu privire la \u00eenc\u0103rcarea acestuia sau la conectarea la re\u021beaua electric\u0103. Senzorul de mi\u0219care se declan\u0219eaz\u0103 de la o distan\u021b\u0103 de 7 &#8211; 9 metri, cu un unghi de vizualizare de 120 de grade. Durata de func\u021bionare cu o \u00eenc\u0103rcare complet\u0103 a bateriei de p\u00e2n\u0103 la 10 ore. 3 moduri de func\u021bionare \u00eencorporate (complet, 50% din putere atunci c\u00e2nd este inactiv, 100% din putere \u00een caz de mi\u0219care, 50% din putere). Acest corp de iluminat poate fi utilizat pentru paza diferitelor obiecte, pentru iluminarea parc\u0103rilor, parcurilor, gr\u0103dinilor, zonelor din jurul casei etc.<\/p>\n<p>&nbsp;<\/p>\n<p><strong>Caracteristici<\/strong><\/p>\n<p>Num\u0103rul de LED-uri: 9 COB;<\/p>\n<p>Temperatura luminii: 6500K (lumin\u0103 alb\u0103, lumin\u0103 de zi);<\/p>\n<p>Fotocelul\u0103 pentru controlul automat al unit\u0103\u021bii;<\/p>\n<p>Detector de mi\u0219care: Cre\u0219te puterea LED-urilor, detect\u00e2nd prezen\u021ba persoanelor \u00een zon\u0103 \u00een propor\u021bie de 100%;<\/p>\n<p>Ie\u0219irea luminii este constant\u0103 la o intensitate de 50%, cre\u0219te la 100% atunci c\u00e2nd este detectat\u0103 mi\u0219care;<\/p>\n<p>Raza de detec\u021bie: de la 7 la 9 metri;<\/p>\n<p>Telecomand\u0103;<\/p>\n<p>Unghi de iluminare: 120\u00b0;<\/p>\n<p>&nbsp;<\/p>\n<p><strong>Accesorii<\/strong><\/p>\n<ul>\n<li>Lamp\u0103 solar\u0103;<\/li>\n<li>suport reglabil pentru perete;<\/li>\n<li>telecomand\u0103;<\/li>\n<li>ambalaj original.<\/li>\n<\/ul>\n","protected":false},"excerpt":{"rendered":"<p>Un astfel de dispozitiv este ideal pentru iluminarea zonei casei, garajului, terenului de gr\u0103din\u0103, u\u0219ii din fa\u021b\u0103 \u0219i multe altele.<\/p>\n","protected":false},"featured_media":3159,"comment_status":"open","ping_status":"closed","template":"","meta":[],"product_brand":[],"product_cat":[255,258],"product_tag":[298,299,300,335],"class_list":{"0":"post-1958","1":"product","2":"type-product","3":"status-publish","4":"has-post-thumbnail","6":"product_cat-iluminat-cu-panouri-solare","7":"product_cat-lumini-stradale","8":"product_tag-cumpara-lampa-stradala-moldova","9":"product_tag-cumpara-lantern-chisinau","10":"product_tag-cumpara-o-lanterna-cu-senzor-de-miscare","11":"product_tag-lantern-moldova","13":"first","14":"instock","15":"shipping-taxable","16":"purchasable","17":"product-type-simple"},"aioseo_notices":[],"_links":{"self":[{"href":"https:\/\/solar.md\/ro\/wp-json\/wp\/v2\/product\/1958","targetHints":{"allow":["GET"]}}],"collection":[{"href":"https:\/\/solar.md\/ro\/wp-json\/wp\/v2\/product"}],"about":[{"href":"https:\/\/solar.md\/ro\/wp-json\/wp\/v2\/types\/product"}],"replies":[{"embeddable":true,"href":"https:\/\/solar.md\/ro\/wp-json\/wp\/v2\/comments?post=1958"}],"wp:featuredmedia":[{"embeddable":true,"href":"https:\/\/solar.md\/ro\/wp-json\/wp\/v2\/media\/3159"}],"wp:attachment":[{"href":"https:\/\/solar.md\/ro\/wp-json\/wp\/v2\/media?parent=1958"}],"wp:term":[{"taxonomy":"product_brand","embeddable":true,"href":"https:\/\/solar.md\/ro\/wp-json\/wp\/v2\/product_brand?post=1958"},{"taxonomy":"product_cat","embeddable":true,"href":"https:\/\/solar.md\/ro\/wp-json\/wp\/v2\/product_cat?post=1958"},{"taxonomy":"product_tag","embeddable":true,"href":"https:\/\/solar.md\/ro\/wp-json\/wp\/v2\/product_tag?post=1958"}],"curies":[{"name":"wp","href":"https:\/\/api.w.org\/{rel}","templated":true}]}}