{"id":1978,"date":"2022-02-11T11:54:05","date_gmt":"2022-02-11T09:54:05","guid":{"rendered":"https:\/\/solar.md\/?post_type=product&#038;p=1978"},"modified":"2025-01-09T11:52:34","modified_gmt":"2025-01-09T09:52:34","slug":"lanterna-licurici-suspensie-cu-led-uri-reincarcabile","status":"publish","type":"product","link":"https:\/\/solar.md\/ro\/product\/lanterna-licurici-suspensie-cu-led-uri-reincarcabile\/","title":{"rendered":"Lantern\u0103 &#8222;Licurici&#8221; &#8211; suspensie cu LED-uri re\u00eenc\u0103rcabile"},"content":{"rendered":"<p><strong>Descriere<\/strong><\/p>\n<p>Lanterna LED re\u00eenc\u0103rcabil\u0103 este op\u021biunea ideal\u0103 de iluminare autonom\u0103 alimentat\u0103 cu energie solar\u0103 pentru corturi, foi\u0219oare, campare, cabane \u0219i iluminat de urgen\u021b\u0103 \u00een orice condi\u021bii.<\/p>\n<p>Lanterna are un panou solar care permite \u00eenc\u0103rcarea prin lumina soarelui, dar poate fi \u00eenc\u0103rcat\u0103 \u0219i prin USB. Lanterna pentru camping este foarte u\u0219or de utilizat \u0219i este ac\u021bionat\u0103 de un singur declan\u0219ator, deasupra c\u0103ruia se afl\u0103 un indicator de \u00eenc\u0103rcare a bateriei.<\/p>\n<p>Lanterna de camping are un accesoriu \u00een form\u0103 de c\u00e2rlig care poate fi folosit oriunde. Poate fi at\u00e2rnat\u0103 de la \u00een\u0103l\u021bime sau poate fi pur \u0219i simplu a\u0219ezat\u0103 l\u00e2ng\u0103 dvs. pe o mas\u0103 sau pe orice suprafa\u021b\u0103 pentru a v\u0103 lumina \u00eemprejurimile.<\/p>\n<p>Are 5 moduri de iluminare &#8211; luminozitate maxim\u0103, medie \u0219i minim\u0103, precum \u0219i intermiten\u021b\u0103 ritmic\u0103 \u0219i un semnal SOS.<\/p>\n<p>&nbsp;<\/p>\n<p><strong>Caracteristici<\/strong><strong>\u00a0<\/strong><\/p>\n<p>Tip: Lamp\u0103 de camping;<\/p>\n<p>Timp de func\u021bionare: 5 h (\u00een func\u021bie de modul de func\u021bionare);<\/p>\n<p>Timp de \u00eenc\u0103rcare: 2-3 ore;<\/p>\n<p>Putere: 5W;<\/p>\n<p>Culoare: alb;<\/p>\n<p>L\u0103\u021bime: 9,5 cm;<\/p>\n<p>\u00cen\u0103l\u021bime: 16,5 cm;<\/p>\n<p>Greutate: 320 g;<\/p>\n<p>Num\u0103r de moduri: 5 (maxim, mediu, minim, intermitent, mod SOS);<\/p>\n<p>Unghiul razei: 120 de grade;<\/p>\n<p>Grad de protec\u021bie: IP45;<\/p>\n<p>Se \u00eencarc\u0103 de la USB, panouri solare;<\/p>\n<p>Alimentat de o baterie re\u00eenc\u0103rcabil\u0103 \u00eencorporat\u0103.<\/p>\n<p>&nbsp;<\/p>\n<p><strong>Accesorii<\/strong><\/p>\n<p>Lantern\u0103 pentru camping;<\/p>\n<p>Cablu USB.<\/p>\n<p>Ambalaj original.<\/p>\n","protected":false},"excerpt":{"rendered":"<p>Lanterna LED re\u00eenc\u0103rcabil\u0103 este op\u021biunea ideal\u0103 de iluminare autonom\u0103 alimentat\u0103 cu energie solar\u0103 pentru corturi, foi\u0219oare, campare, cabane \u0219i iluminat de urgen\u021b\u0103 \u00een orice condi\u021bii.<\/p>\n","protected":false},"featured_media":1981,"comment_status":"open","ping_status":"closed","template":"","meta":[],"product_brand":[],"product_cat":[259,254],"product_tag":[312,327],"class_list":{"0":"post-1978","1":"product","2":"type-product","3":"status-publish","4":"has-post-thumbnail","6":"product_cat-lanterne","7":"product_cat-sisteme-solare-turistice","8":"product_tag-lampa-solara","9":"product_tag-lampi-solare-de-exterior","11":"first","12":"outofstock","13":"shipping-taxable","14":"product-type-simple"},"aioseo_notices":[],"_links":{"self":[{"href":"https:\/\/solar.md\/ro\/wp-json\/wp\/v2\/product\/1978","targetHints":{"allow":["GET"]}}],"collection":[{"href":"https:\/\/solar.md\/ro\/wp-json\/wp\/v2\/product"}],"about":[{"href":"https:\/\/solar.md\/ro\/wp-json\/wp\/v2\/types\/product"}],"replies":[{"embeddable":true,"href":"https:\/\/solar.md\/ro\/wp-json\/wp\/v2\/comments?post=1978"}],"wp:featuredmedia":[{"embeddable":true,"href":"https:\/\/solar.md\/ro\/wp-json\/wp\/v2\/media\/1981"}],"wp:attachment":[{"href":"https:\/\/solar.md\/ro\/wp-json\/wp\/v2\/media?parent=1978"}],"wp:term":[{"taxonomy":"product_brand","embeddable":true,"href":"https:\/\/solar.md\/ro\/wp-json\/wp\/v2\/product_brand?post=1978"},{"taxonomy":"product_cat","embeddable":true,"href":"https:\/\/solar.md\/ro\/wp-json\/wp\/v2\/product_cat?post=1978"},{"taxonomy":"product_tag","embeddable":true,"href":"https:\/\/solar.md\/ro\/wp-json\/wp\/v2\/product_tag?post=1978"}],"curies":[{"name":"wp","href":"https:\/\/api.w.org\/{rel}","templated":true}]}}