{"id":1986,"date":"2022-02-11T11:45:59","date_gmt":"2022-02-11T09:45:59","guid":{"rendered":"https:\/\/solar.md\/?post_type=product&#038;p=1986"},"modified":"2025-01-09T11:52:53","modified_gmt":"2025-01-09T09:52:53","slug":"lampa-lanterna-10w-pentru-camping-si-recreere-profil-redus","status":"publish","type":"product","link":"https:\/\/solar.md\/ro\/product\/lampa-lanterna-10w-pentru-camping-si-recreere-profil-redus\/","title":{"rendered":"Lamp\u0103 lantern\u0103 10W pentru camping \u0219i recreere, profil redus"},"content":{"rendered":"<p><strong>Descriere<\/strong><\/p>\n<p>Foarte u\u0219or de utilizat, func\u021bioneaz\u0103 cu un singur buton, are 5 moduri de iluminare, se \u00eencarc\u0103 prin cablu (inclus) sau prin panoul solar (montat pe lamp\u0103).<\/p>\n<p>Lampa este alimentat\u0103 de o baterie re\u00eenc\u0103rcabil\u0103 \u00eencorporat\u0103, care poate fi \u00eenc\u0103rcat\u0103 de la orice surs\u0103 de alimentare USB sau prin intermediul unui adaptor de re\u021bea tradi\u021bional. De asemenea, este posibil\u0103 re\u00eenc\u0103rcarea de la soare datorit\u0103 suprafe\u021bei de \u00eenc\u0103rcare solar\u0103 din partea superioar\u0103 a l\u0103mpii.<\/p>\n<p>Lampa de camping este fabricat\u0103 din plastic rezistent, str\u0103luce\u0219te cu o lumin\u0103 alb\u0103, poate sta pe o suprafa\u021b\u0103 plan\u0103 sau poate fi suspendat\u0103 de un c\u00e2rlig metalic mobil. Butonul de alimentare \u0219i mufa de \u00eenc\u0103rcare a bateriei sunt realizate din material cauciucat pentru o mai mare rezisten\u021b\u0103 la umezeal\u0103 \u0219i praf.<\/p>\n<p>&nbsp;<\/p>\n<p><strong>Caracteristici<\/strong><\/p>\n<p>Tip: lantern\u0103 cu LED-uri;<\/p>\n<p>Tipul de bec: LED;<\/p>\n<p>Num\u0103rul de moduri de func\u021bionare: 5 (maxim, mediu, minim, intermitent, mod SOS);<\/p>\n<p>Putere: 10W;<\/p>\n<p>Panou solar pentru \u00eenc\u0103rcarea bateriei;<\/p>\n<p>Timp de lucru la o singur\u0103 \u00eenc\u0103rcare: p\u00e2n\u0103 la 6 ore (\u00een func\u021bie de modul de func\u021bionare);<\/p>\n<p>Timp de \u00eenc\u0103rcare: 4 ore;<\/p>\n<p>Putere: Baterie re\u00eenc\u0103rcabil\u0103 \u00eencorporat\u0103;<\/p>\n<p>\u00cenc\u0103rcare prin USB sau prin panou solar;<\/p>\n<p>Culoarea ilumin\u0103rii: alb;<\/p>\n<p>Indicator de \u00eenc\u0103rcare;<\/p>\n<p>Greutate: 0,17 kg;<\/p>\n<p>Diametru: 13 cm;<\/p>\n<p>\u00cen\u0103l\u021bime: 11 cm.<\/p>\n<p>&nbsp;<\/p>\n<p><strong>Accesorii<\/strong><\/p>\n<p>Bec cu LED;<\/p>\n<p>Cablu de \u00eenc\u0103rcare;<\/p>\n<p>Ambalaj original.<\/p>\n","protected":false},"excerpt":{"rendered":"<p>Foarte u\u0219or de utilizat, func\u021bioneaz\u0103 cu un singur buton, are 5 moduri de iluminare, se \u00eencarc\u0103 prin cablu (inclus) sau prin panoul solar (montat pe lamp\u0103).<\/p>\n","protected":false},"featured_media":1989,"comment_status":"open","ping_status":"closed","template":"","meta":[],"product_brand":[],"product_cat":[259,254],"product_tag":[312,327],"class_list":{"0":"post-1986","1":"product","2":"type-product","3":"status-publish","4":"has-post-thumbnail","6":"product_cat-lanterne","7":"product_cat-sisteme-solare-turistice","8":"product_tag-lampa-solara","9":"product_tag-lampi-solare-de-exterior","11":"first","12":"outofstock","13":"shipping-taxable","14":"product-type-simple"},"aioseo_notices":[],"_links":{"self":[{"href":"https:\/\/solar.md\/ro\/wp-json\/wp\/v2\/product\/1986","targetHints":{"allow":["GET"]}}],"collection":[{"href":"https:\/\/solar.md\/ro\/wp-json\/wp\/v2\/product"}],"about":[{"href":"https:\/\/solar.md\/ro\/wp-json\/wp\/v2\/types\/product"}],"replies":[{"embeddable":true,"href":"https:\/\/solar.md\/ro\/wp-json\/wp\/v2\/comments?post=1986"}],"wp:featuredmedia":[{"embeddable":true,"href":"https:\/\/solar.md\/ro\/wp-json\/wp\/v2\/media\/1989"}],"wp:attachment":[{"href":"https:\/\/solar.md\/ro\/wp-json\/wp\/v2\/media?parent=1986"}],"wp:term":[{"taxonomy":"product_brand","embeddable":true,"href":"https:\/\/solar.md\/ro\/wp-json\/wp\/v2\/product_brand?post=1986"},{"taxonomy":"product_cat","embeddable":true,"href":"https:\/\/solar.md\/ro\/wp-json\/wp\/v2\/product_cat?post=1986"},{"taxonomy":"product_tag","embeddable":true,"href":"https:\/\/solar.md\/ro\/wp-json\/wp\/v2\/product_tag?post=1986"}],"curies":[{"name":"wp","href":"https:\/\/api.w.org\/{rel}","templated":true}]}}