{"id":1994,"date":"2022-02-11T09:57:33","date_gmt":"2022-02-11T07:57:33","guid":{"rendered":"https:\/\/solar.md\/?post_type=product&#038;p=1994"},"modified":"2025-01-09T11:53:12","modified_gmt":"2025-01-09T09:53:12","slug":"lanterna-puternica-suspendata-de-10-w-cu-panou-solar-detasat","status":"publish","type":"product","link":"https:\/\/solar.md\/ro\/product\/lanterna-puternica-suspendata-de-10-w-cu-panou-solar-detasat\/","title":{"rendered":"Lantern\u0103 puternic\u0103 suspendat\u0103 de 10 W cu panou solar deta\u0219at"},"content":{"rendered":"<p><strong>Descriere<\/strong><\/p>\n<p>Lampa solar\u0103 de camping este ideal\u0103 ca surs\u0103 de lumin\u0103 autonom\u0103 pentru drume\u021bii, camping, pescuit \u0219i picnicuri. De asemenea, aceast\u0103 lamp\u0103 poate fi util\u0103 \u00een caban\u0103, garaj, cas\u0103 particular\u0103 \u0219i chiar \u00een apartament ca surs\u0103 de lumin\u0103 de rezerv\u0103. Atunci c\u00e2nd bateria este complet \u00eenc\u0103rcat\u0103, lampa poate func\u021biona timp de aproximativ 4 ore la r\u00e2nd, \u00een func\u021bie de modul de func\u021bionare.<\/p>\n<p>Lampa are 2 moduri de iluminare &#8211; luminozitate maxim\u0103 \u0219i luminozitate minim\u0103. Aceste moduri pot fi comutate cu ajutorul unui buton de pe carcasa lanternei.<\/p>\n<p>Lampa de camping este fabricat\u0103 din plastic rezistent, str\u0103luce\u0219te cu o lumin\u0103 alb\u0103, poate sta pe o suprafa\u021b\u0103 plan\u0103 sau poate fi at\u00e2rnat\u0103 de un c\u00e2rlig metalic mobil.<\/p>\n<p>&nbsp;<\/p>\n<p><strong>Avantaje<\/strong><\/p>\n<p>Timp de func\u021bionare: aproximativ 4 h \u00een dependen\u021b\u0103 de modul de func\u021bionare.<\/p>\n<p>Timp de \u00eenc\u0103rcare: aproximativ 6 ore.<\/p>\n<p>&nbsp;<\/p>\n<p><strong>Caracteristici<\/strong><\/p>\n<p>Tip: LED lamp\u0103-lantern\u0103, suspendat<\/p>\n<p>Num\u0103rul de LED-uri 20 buc.<\/p>\n<p>Putere: Baterie re\u00eenc\u0103rcabil\u0103 \u00eencorporat\u0103<\/p>\n<p>Alimentat cu energie solar\u0103<\/p>\n<p>Putere: 10W<\/p>\n<p>Num\u0103r de moduri: 2 (maxim, minim);<\/p>\n<p>Greutatea l\u0103mpii: 190gr.<\/p>\n<p>Dimensiunea lanternei: 10*10cm<\/p>\n<p>\u00cen\u0103l\u021bime: 11 cm<\/p>\n<p>&nbsp;<\/p>\n<p><strong>Accesorii<\/strong><\/p>\n<ul>\n<li>Lamp\u0103 cu LED-uri.<\/li>\n<li>Panou solar.<\/li>\n<li>Ambalaj original<\/li>\n<\/ul>\n","protected":false},"excerpt":{"rendered":"<p>Lampa are 2 moduri de iluminare &#8211; luminozitate maxim\u0103 \u0219i luminozitate minim\u0103. Aceste moduri pot fi comutate cu ajutorul unui buton de pe carcasa lanternei.<\/p>\n","protected":false},"featured_media":2000,"comment_status":"open","ping_status":"closed","template":"","meta":[],"product_brand":[],"product_cat":[259,254],"product_tag":[312,327],"class_list":{"0":"post-1994","1":"product","2":"type-product","3":"status-publish","4":"has-post-thumbnail","6":"product_cat-lanterne","7":"product_cat-sisteme-solare-turistice","8":"product_tag-lampa-solara","9":"product_tag-lampi-solare-de-exterior","11":"first","12":"instock","13":"shipping-taxable","14":"product-type-simple"},"aioseo_notices":[],"_links":{"self":[{"href":"https:\/\/solar.md\/ro\/wp-json\/wp\/v2\/product\/1994","targetHints":{"allow":["GET"]}}],"collection":[{"href":"https:\/\/solar.md\/ro\/wp-json\/wp\/v2\/product"}],"about":[{"href":"https:\/\/solar.md\/ro\/wp-json\/wp\/v2\/types\/product"}],"replies":[{"embeddable":true,"href":"https:\/\/solar.md\/ro\/wp-json\/wp\/v2\/comments?post=1994"}],"wp:featuredmedia":[{"embeddable":true,"href":"https:\/\/solar.md\/ro\/wp-json\/wp\/v2\/media\/2000"}],"wp:attachment":[{"href":"https:\/\/solar.md\/ro\/wp-json\/wp\/v2\/media?parent=1994"}],"wp:term":[{"taxonomy":"product_brand","embeddable":true,"href":"https:\/\/solar.md\/ro\/wp-json\/wp\/v2\/product_brand?post=1994"},{"taxonomy":"product_cat","embeddable":true,"href":"https:\/\/solar.md\/ro\/wp-json\/wp\/v2\/product_cat?post=1994"},{"taxonomy":"product_tag","embeddable":true,"href":"https:\/\/solar.md\/ro\/wp-json\/wp\/v2\/product_tag?post=1994"}],"curies":[{"name":"wp","href":"https:\/\/api.w.org\/{rel}","templated":true}]}}