{"id":2802,"date":"2022-09-25T01:18:13","date_gmt":"2022-09-24T23:18:13","guid":{"rendered":"https:\/\/solar.md\/?post_type=product&#038;p=2802"},"modified":"2025-01-09T11:56:25","modified_gmt":"2025-01-09T09:56:25","slug":"lampa-led-solara-cu-senzor-de-miscare-montaj-pe-perete","status":"publish","type":"product","link":"https:\/\/solar.md\/ro\/product\/lampa-led-solara-cu-senzor-de-miscare-montaj-pe-perete\/","title":{"rendered":"Lamp\u0103 LED solar\u0103 cu senzor de mi\u0219care, montaj pe perete"},"content":{"rendered":"<p data-sourcepos=\"5:1-5:18\"><strong>CARACTERISTICI<\/strong><\/p>\n<ul data-sourcepos=\"7:1-17:0\">\n<li data-sourcepos=\"7:1-7:28\"><strong>Culoare carcas\u0103:<\/strong> negru<\/li>\n<li data-sourcepos=\"8:1-8:27\"><strong>Culoare lumin\u0103:<\/strong> cald\u0103<\/li>\n<li data-sourcepos=\"9:1-9:21\"><strong>\u00cen\u0103l\u021bime:<\/strong> 17 cm<\/li>\n<li data-sourcepos=\"10:1-10:19\"><strong>L\u0103\u021bime:<\/strong> 11 cm<\/li>\n<li data-sourcepos=\"11:1-11:20\"><strong>Ad\u00e2ncime:<\/strong> 9 cm<\/li>\n<li data-sourcepos=\"12:1-12:19\"><strong>Material:<\/strong> ABS<\/li>\n<li data-sourcepos=\"13:1-13:26\"><strong>Surs\u0103 de lumin\u0103:<\/strong> LED<\/li>\n<li data-sourcepos=\"14:1-14:37\"><strong>Baterie:<\/strong> Ni-MH: 2200 mAh, 3,7 V<\/li>\n<li data-sourcepos=\"15:1-15:33\"><strong>Autonomie baterie:<\/strong> 8\u201310 ore<\/li>\n<li data-sourcepos=\"16:1-17:0\"><strong>Clasificare:<\/strong> IP65 (rezistent la ap\u0103)<\/li>\n<\/ul>\n<p data-sourcepos=\"18:1-18:13\"><strong>DESCRIERE<\/strong><\/p>\n<p data-sourcepos=\"20:1-20:198\">Lampa solar\u0103 cu senzor de mi\u0219care, pentru montaj pe perete, este solu\u021bia ideal\u0103 pentru iluminarea fa\u021badelor, a pergolelor, a intr\u0103rilor \u0219i a teraselor. Va ad\u0103uga o not\u0103 unic\u0103 gr\u0103dinii dumneavoastr\u0103.<\/p>\n<p data-sourcepos=\"22:1-22:209\">L\u0103mpile solare sunt o alternativ\u0103 excelent\u0103 la iluminatul tradi\u021bional! \u00cen primul r\u00e2nd, nu consum\u0103 energie electric\u0103, deoarece se \u00eencarc\u0103 prin panoul solar, care colecteaz\u0103 energie chiar \u0219i \u00een zilele \u00eennorate.<\/p>\n<p data-sourcepos=\"24:1-24:13\"><strong>Avantaje:<\/strong><\/p>\n<ul data-sourcepos=\"26:1-29:0\">\n<li data-sourcepos=\"26:1-26:258\">Lampa este fabricat\u0103 din material ABS de \u00eenalt\u0103 rezisten\u021b\u0103. Datorit\u0103 etan\u0219eit\u0103\u021bii de clas\u0103 IP65, este rezistent\u0103 la ap\u0103 \u0219i praf &#8211; nu-i este fric\u0103 nici de v\u00e2nt, nici de ploaie. Poate fi utilizat\u0103 \u0219i iarna. Nu rugineste \u0219i nu corodeaz\u0103 dup\u0103 ani de utilizare.<\/li>\n<li data-sourcepos=\"27:1-27:75\">Este echipat\u0103 cu un senzor de lumin\u0103, datorit\u0103 c\u0103ruia se aprinde automat.<\/li>\n<li data-sourcepos=\"28:1-29:0\">Instalarea l\u0103mpii este extrem de simpl\u0103 \u0219i rapid\u0103. Trebuie doar s\u0103 o fixa\u021bi cu \u0219uruburile incluse pentru panouri solare pe orice perete exterior.<\/li>\n<\/ul>\n","protected":false},"excerpt":{"rendered":"<p>CARACTERISTICI Culoare carcas\u0103: negru Culoare lumin\u0103: cald\u0103 \u00cen\u0103l\u021bime: 17 cm L\u0103\u021bime: 11 cm Ad\u00e2ncime: 9 cm Material: ABS Surs\u0103 de lumin\u0103: LED Baterie: Ni-MH: 2200 mAh, 3,7 V Autonomie baterie:&hellip;<\/p>\n","protected":false},"featured_media":2386,"comment_status":"closed","ping_status":"closed","template":"","meta":[],"product_brand":[],"product_cat":[252],"product_tag":[298,292,294,297,329],"class_list":{"0":"post-2802","1":"product","2":"type-product","3":"status-publish","4":"has-post-thumbnail","6":"product_cat-centrale-solare","7":"product_tag-cumpara-lampa-stradala-moldova","8":"product_tag-lampa-de-perete-stradala","9":"product_tag-lampa-solara-de-exterior","10":"product_tag-lampa-stradala","11":"product_tag-lumina-stradala","13":"first","14":"outofstock","15":"shipping-taxable","16":"product-type-simple"},"aioseo_notices":[],"_links":{"self":[{"href":"https:\/\/solar.md\/ro\/wp-json\/wp\/v2\/product\/2802","targetHints":{"allow":["GET"]}}],"collection":[{"href":"https:\/\/solar.md\/ro\/wp-json\/wp\/v2\/product"}],"about":[{"href":"https:\/\/solar.md\/ro\/wp-json\/wp\/v2\/types\/product"}],"replies":[{"embeddable":true,"href":"https:\/\/solar.md\/ro\/wp-json\/wp\/v2\/comments?post=2802"}],"wp:featuredmedia":[{"embeddable":true,"href":"https:\/\/solar.md\/ro\/wp-json\/wp\/v2\/media\/2386"}],"wp:attachment":[{"href":"https:\/\/solar.md\/ro\/wp-json\/wp\/v2\/media?parent=2802"}],"wp:term":[{"taxonomy":"product_brand","embeddable":true,"href":"https:\/\/solar.md\/ro\/wp-json\/wp\/v2\/product_brand?post=2802"},{"taxonomy":"product_cat","embeddable":true,"href":"https:\/\/solar.md\/ro\/wp-json\/wp\/v2\/product_cat?post=2802"},{"taxonomy":"product_tag","embeddable":true,"href":"https:\/\/solar.md\/ro\/wp-json\/wp\/v2\/product_tag?post=2802"}],"curies":[{"name":"wp","href":"https:\/\/api.w.org\/{rel}","templated":true}]}}