{"id":2804,"date":"2023-09-22T15:26:12","date_gmt":"2023-09-22T13:26:12","guid":{"rendered":"https:\/\/solar.md\/?post_type=product&#038;p=2804"},"modified":"2025-01-09T12:01:33","modified_gmt":"2025-01-09T10:01:33","slug":"focar-stradal-solar-autonom-cu-54-led-uri-si-suport-de-montaj","status":"publish","type":"product","link":"https:\/\/solar.md\/ro\/product\/focar-stradal-solar-autonom-cu-54-led-uri-si-suport-de-montaj\/","title":{"rendered":"Focar stradal solar autonom, cu 54 LED-uri, \u0219i suport de montaj"},"content":{"rendered":"<p data-sourcepos=\"5:1-5:18\"><strong>CARACTERISTICI<\/strong><\/p>\n<ul data-sourcepos=\"7:1-17:0\">\n<li data-sourcepos=\"7:1-7:18\"><strong>Tip LED:<\/strong> COB<\/li>\n<li data-sourcepos=\"8:1-8:27\"><strong>Num\u0103r LED-uri:<\/strong> 54 COB<\/li>\n<li data-sourcepos=\"9:1-9:30\"><strong>Unghi de iluminare:<\/strong> 120\u00b0<\/li>\n<li data-sourcepos=\"10:1-10:21\"><strong>Telecomand\u0103:<\/strong> da<\/li>\n<li data-sourcepos=\"11:1-11:35\"><strong>Temperatura de culoare:<\/strong> 6000K<\/li>\n<li data-sourcepos=\"12:1-12:46\"><strong>Temperatur\u0103 de func\u021bionare:<\/strong> -30\u00b0C &#8211; 40\u00b0C<\/li>\n<li data-sourcepos=\"13:1-13:33\"><strong>Durat\u0103 de via\u021b\u0103:<\/strong> 50.000 ore<\/li>\n<li data-sourcepos=\"14:1-14:20\"><strong>Baterie:<\/strong> litiu<\/li>\n<li data-sourcepos=\"15:1-15:31\"><strong>Autonomie:<\/strong> p\u00e2n\u0103 la 10 ore<\/li>\n<li data-sourcepos=\"16:1-17:0\"><strong>Timp de \u00eenc\u0103rcare:<\/strong> 5-8 ore<\/li>\n<\/ul>\n<p data-sourcepos=\"18:1-18:13\"><strong>DESCRIERE<\/strong><\/p>\n<p data-sourcepos=\"20:1-20:285\">Dac\u0103 dori\u021bi s\u0103 \u00eembun\u0103t\u0103\u021bi\u021bi aspectul cur\u021bii sau al oric\u0103rui spa\u021biu deschis \u0219i, \u00een acela\u0219i timp, s\u0103 asigura\u021bi iluminarea acestor zone pe timpul nop\u021bii, v\u0103 recomand\u0103m lampa solar\u0103 cu LED-uri. Este echipat\u0103 cu o telecomand\u0103 \u0219i un suport de montaj, fiind ideal\u0103 pentru iluminatul exterior.<\/p>\n<p data-sourcepos=\"22:1-22:233\">Datorit\u0103 \u00eenc\u0103rc\u0103rii directe de la soare, lampa solar\u0103 cu LED-uri, baterie \u0219i senzor de lumin\u0103 are o autonomie de p\u00e2n\u0103 la 10 ore \u00een modul automat. Special conceput\u0103 pentru utilizare \u00een exterior, este rezistent\u0103 la ploaie \u0219i umiditate.<\/p>\n<p data-sourcepos=\"24:1-24:151\">Panoul solar trebuie amplasat \u00eentr-un loc unde poate primi lumina solar\u0103 cu intensitate maxim\u0103, iar \u00een\u0103l\u021bimea de instalare recomandat\u0103 este de 5 metri.<\/p>\n<p data-sourcepos=\"26:1-26:13\"><strong>Avantaje:<\/strong><\/p>\n<ul data-sourcepos=\"28:1-30:0\">\n<li data-sourcepos=\"28:1-28:37\">Nu necesit\u0103 alimentare de la re\u021bea.<\/li>\n<li data-sourcepos=\"29:1-30:0\">Lampa poate fi controlat\u0103 wireless cu ajutorul telecomenzii incluse.<\/li>\n<\/ul>\n","protected":false},"excerpt":{"rendered":"<p>CARACTERISTICI Tip LED: COB Num\u0103r LED-uri: 54 COB Unghi de iluminare: 120\u00b0 Telecomand\u0103: da Temperatura de culoare: 6000K Temperatur\u0103 de func\u021bionare: -30\u00b0C &#8211; 40\u00b0C Durat\u0103 de via\u021b\u0103: 50.000 ore Baterie:&hellip;<\/p>\n","protected":false},"featured_media":3234,"comment_status":"closed","ping_status":"closed","template":"","meta":[],"product_brand":[],"product_cat":[252,258],"product_tag":[298,284,294,297,329,328],"class_list":{"0":"post-2804","1":"product","2":"type-product","3":"status-publish","4":"has-post-thumbnail","6":"product_cat-centrale-solare","7":"product_cat-lumini-stradale","8":"product_tag-cumpara-lampa-stradala-moldova","9":"product_tag-lampa-cu-led","10":"product_tag-lampa-solara-de-exterior","11":"product_tag-lampa-stradala","12":"product_tag-lumina-stradala","13":"product_tag-lampa-stradala-ro","15":"first","16":"instock","17":"shipping-taxable","18":"purchasable","19":"product-type-simple"},"aioseo_notices":[],"_links":{"self":[{"href":"https:\/\/solar.md\/ro\/wp-json\/wp\/v2\/product\/2804","targetHints":{"allow":["GET"]}}],"collection":[{"href":"https:\/\/solar.md\/ro\/wp-json\/wp\/v2\/product"}],"about":[{"href":"https:\/\/solar.md\/ro\/wp-json\/wp\/v2\/types\/product"}],"replies":[{"embeddable":true,"href":"https:\/\/solar.md\/ro\/wp-json\/wp\/v2\/comments?post=2804"}],"wp:featuredmedia":[{"embeddable":true,"href":"https:\/\/solar.md\/ro\/wp-json\/wp\/v2\/media\/3234"}],"wp:attachment":[{"href":"https:\/\/solar.md\/ro\/wp-json\/wp\/v2\/media?parent=2804"}],"wp:term":[{"taxonomy":"product_brand","embeddable":true,"href":"https:\/\/solar.md\/ro\/wp-json\/wp\/v2\/product_brand?post=2804"},{"taxonomy":"product_cat","embeddable":true,"href":"https:\/\/solar.md\/ro\/wp-json\/wp\/v2\/product_cat?post=2804"},{"taxonomy":"product_tag","embeddable":true,"href":"https:\/\/solar.md\/ro\/wp-json\/wp\/v2\/product_tag?post=2804"}],"curies":[{"name":"wp","href":"https:\/\/api.w.org\/{rel}","templated":true}]}}