{"id":2808,"date":"2024-09-02T19:23:16","date_gmt":"2024-09-02T17:23:16","guid":{"rendered":"https:\/\/solar.md\/?post_type=product&#038;p=2808"},"modified":"2025-01-09T12:09:53","modified_gmt":"2025-01-09T10:09:53","slug":"centrala-electrica-solara-portabila-de-600w-cu-panou-solar-de-100w","status":"publish","type":"product","link":"https:\/\/solar.md\/ro\/product\/centrala-electrica-solara-portabila-de-600w-cu-panou-solar-de-100w\/","title":{"rendered":"Central\u0103 electric\u0103 solar\u0103 portabil\u0103 de 600W cu panou solar de 100W"},"content":{"rendered":"<ul>\n<li data-sourcepos=\"19:1-19:65\"><strong>Sursa de alimentare:<\/strong> baterie solar\u0103 \/ re\u021bea electric\u0103 220V<\/li>\n<li data-sourcepos=\"20:1-20:26\"><strong>Tip baterie:<\/strong> LiFePO4<\/li>\n<li data-sourcepos=\"21:1-21:34\"><strong>Tip invertor:<\/strong> Sinuzoidal pur<\/li>\n<li data-sourcepos=\"22:1-22:73\"><strong>Caracteristici:<\/strong> \u00cenc\u0103rcare wireless, port Type-C, lantern\u0103 integrat\u0103<\/li>\n<li data-sourcepos=\"23:1-23:44\"><strong>Capacitate baterie:<\/strong> 576Wh (12.8V\/45Ah)<\/li>\n<li data-sourcepos=\"24:1-24:27\"><strong>Putere invertor:<\/strong> 600W<\/li>\n<li data-sourcepos=\"25:1-25:35\"><strong>Panou solar:<\/strong> Panou solar 100W<\/li>\n<li data-sourcepos=\"26:1-26:70\"><strong>Dimensiuni:<\/strong> 40.5<em>27.3<\/em>26.3 cm (\u043f\u043e\u0436\u0430\u043b\u0443\u0439\u0441\u0442\u0430, \u043f\u0440\u043e\u0432\u0435\u0440\u044c\u0442\u0435 \u044d\u0442\u0438 \u0434\u0430\u043d\u043d\u044b\u0435)<\/li>\n<li data-sourcepos=\"27:1-28:0\"><strong>Utilizare:<\/strong> Ideal pentru camping, picnicuri, pescuit, utilizare acas\u0103 ca surs\u0103 de rezerv\u0103, pentru alimentarea dispozitivelor electronice \u00een timpul c\u0103l\u0103toriilor, \u00een caz de urgen\u021b\u0103 \u0219i multe altele.<\/li>\n<\/ul>\n","protected":false},"excerpt":{"rendered":"<p>Sursa de alimentare: baterie solar\u0103 \/ re\u021bea electric\u0103 220V Tip baterie: LiFePO4 Tip invertor: Sinuzoidal pur Caracteristici: \u00cenc\u0103rcare wireless, port Type-C, lantern\u0103 integrat\u0103 Capacitate baterie: 576Wh (12.8V\/45Ah) Putere invertor: 600W&hellip;<\/p>\n","protected":false},"featured_media":2977,"comment_status":"closed","ping_status":"closed","template":"","meta":[],"product_brand":[],"product_cat":[252,253],"product_tag":[289],"class_list":{"0":"post-2808","1":"product","2":"type-product","3":"status-publish","4":"has-post-thumbnail","6":"product_cat-centrale-solare","7":"product_cat-sisteme-solare-autonome","8":"product_tag-panou-solar","10":"first","11":"instock","12":"shipping-taxable","13":"purchasable","14":"product-type-simple"},"aioseo_notices":[],"_links":{"self":[{"href":"https:\/\/solar.md\/ro\/wp-json\/wp\/v2\/product\/2808","targetHints":{"allow":["GET"]}}],"collection":[{"href":"https:\/\/solar.md\/ro\/wp-json\/wp\/v2\/product"}],"about":[{"href":"https:\/\/solar.md\/ro\/wp-json\/wp\/v2\/types\/product"}],"replies":[{"embeddable":true,"href":"https:\/\/solar.md\/ro\/wp-json\/wp\/v2\/comments?post=2808"}],"wp:featuredmedia":[{"embeddable":true,"href":"https:\/\/solar.md\/ro\/wp-json\/wp\/v2\/media\/2977"}],"wp:attachment":[{"href":"https:\/\/solar.md\/ro\/wp-json\/wp\/v2\/media?parent=2808"}],"wp:term":[{"taxonomy":"product_brand","embeddable":true,"href":"https:\/\/solar.md\/ro\/wp-json\/wp\/v2\/product_brand?post=2808"},{"taxonomy":"product_cat","embeddable":true,"href":"https:\/\/solar.md\/ro\/wp-json\/wp\/v2\/product_cat?post=2808"},{"taxonomy":"product_tag","embeddable":true,"href":"https:\/\/solar.md\/ro\/wp-json\/wp\/v2\/product_tag?post=2808"}],"curies":[{"name":"wp","href":"https:\/\/api.w.org\/{rel}","templated":true}]}}