{"id":2809,"date":"2024-09-02T19:50:33","date_gmt":"2024-09-02T17:50:33","guid":{"rendered":"https:\/\/solar.md\/?post_type=product&#038;p=2809"},"modified":"2025-01-09T12:12:03","modified_gmt":"2025-01-09T10:12:03","slug":"sistem-energetic-solar-portabil-de-1500w-cu-4-module-fotovoltaice-de-100w-fiecare","status":"publish","type":"product","link":"https:\/\/solar.md\/ro\/product\/sistem-energetic-solar-portabil-de-1500w-cu-4-module-fotovoltaice-de-100w-fiecare\/","title":{"rendered":"Sistem energetic solar portabil de 1500W cu 4 module fotovoltaice de 100W fiecare"},"content":{"rendered":"<p><strong>Sta\u021bie electric\u0103 solar\u0103 portabil\u0103 de mare capacitate (1512Wh) cu 4 panouri solare de 100W fiecare. Ideal\u0103 pentru camping, activit\u0103\u021bi \u00een aer liber \u0219i utilizare \u00een zone f\u0103r\u0103 acces la re\u021beaua electric\u0103. Ofer\u0103 o putere de 1500W \u0219i dispune de \u00eenc\u0103rcare wireless, port USB-C \u0219i lantern\u0103 integrat\u0103.<\/strong><\/p>\n<ul>\n<li data-sourcepos=\"39:1-39:52\"><strong>Alimentare:<\/strong> baterie solar\u0103 sau re\u021bea electric\u0103<\/li>\n<li data-sourcepos=\"40:1-40:46\"><strong>Tip baterie:<\/strong> Litiu-fier-fosfat (LiFePO4)<\/li>\n<li data-sourcepos=\"41:1-41:49\"><strong>Inversor:<\/strong> Cu form\u0103 de und\u0103 sinusoidal\u0103 pur\u0103<\/li>\n<li data-sourcepos=\"42:1-42:68\"><strong>Func\u021bii suplimentare:<\/strong> \u00cenc\u0103rcare f\u0103r\u0103 fir, port USB-C, lantern\u0103<\/li>\n<li data-sourcepos=\"43:1-43:24\"><strong>Capacitate:<\/strong> 1512Wh<\/li>\n<li data-sourcepos=\"44:1-44:26\"><strong>Putere maxim\u0103:<\/strong> 1500W<\/li>\n<li data-sourcepos=\"45:1-45:50\"><strong>Panouri solare:<\/strong> 4 buc\u0103\u021bi a c\u00e2te 100W fiecare<\/li>\n<li data-sourcepos=\"46:1-46:70\"><strong>Dimensiuni:<\/strong> 40.5<em>27.3<\/em>26.3 cm (\u043f\u043e\u0436\u0430\u043b\u0443\u0439\u0441\u0442\u0430, \u043f\u0440\u043e\u0432\u0435\u0440\u044c\u0442\u0435 \u044d\u0442\u0438 \u0434\u0430\u043d\u043d\u044b\u0435)<\/li>\n<li data-sourcepos=\"47:1-48:0\"><strong>Utilizare:<\/strong> Perfect pentru camping, c\u0103l\u0103torii, utilizare acas\u0103 sau la birou.<\/li>\n<\/ul>\n","protected":false},"excerpt":{"rendered":"<p>Sta\u021bie electric\u0103 solar\u0103 portabil\u0103 de mare capacitate (1512Wh) cu 4 panouri solare de 100W fiecare. Ideal\u0103 pentru camping, activit\u0103\u021bi \u00een aer liber \u0219i utilizare \u00een zone f\u0103r\u0103 acces la re\u021beaua&hellip;<\/p>\n","protected":false},"featured_media":2993,"comment_status":"closed","ping_status":"closed","template":"","meta":[],"product_brand":[],"product_cat":[252,253],"product_tag":[],"class_list":{"0":"post-2809","1":"product","2":"type-product","3":"status-publish","4":"has-post-thumbnail","6":"product_cat-centrale-solare","7":"product_cat-sisteme-solare-autonome","9":"first","10":"instock","11":"shipping-taxable","12":"purchasable","13":"product-type-simple"},"aioseo_notices":[],"_links":{"self":[{"href":"https:\/\/solar.md\/ro\/wp-json\/wp\/v2\/product\/2809","targetHints":{"allow":["GET"]}}],"collection":[{"href":"https:\/\/solar.md\/ro\/wp-json\/wp\/v2\/product"}],"about":[{"href":"https:\/\/solar.md\/ro\/wp-json\/wp\/v2\/types\/product"}],"replies":[{"embeddable":true,"href":"https:\/\/solar.md\/ro\/wp-json\/wp\/v2\/comments?post=2809"}],"wp:featuredmedia":[{"embeddable":true,"href":"https:\/\/solar.md\/ro\/wp-json\/wp\/v2\/media\/2993"}],"wp:attachment":[{"href":"https:\/\/solar.md\/ro\/wp-json\/wp\/v2\/media?parent=2809"}],"wp:term":[{"taxonomy":"product_brand","embeddable":true,"href":"https:\/\/solar.md\/ro\/wp-json\/wp\/v2\/product_brand?post=2809"},{"taxonomy":"product_cat","embeddable":true,"href":"https:\/\/solar.md\/ro\/wp-json\/wp\/v2\/product_cat?post=2809"},{"taxonomy":"product_tag","embeddable":true,"href":"https:\/\/solar.md\/ro\/wp-json\/wp\/v2\/product_tag?post=2809"}],"curies":[{"name":"wp","href":"https:\/\/api.w.org\/{rel}","templated":true}]}}