{"id":2816,"date":"2025-01-08T19:21:24","date_gmt":"2025-01-08T17:21:24","guid":{"rendered":"https:\/\/solar.md\/?post_type=product&#038;p=2816"},"modified":"2025-01-09T12:53:26","modified_gmt":"2025-01-09T10:53:26","slug":"lampa-stradala-solara-cu-32-led-uri-este-perfecta-pentru-iluminatul-aleilor-si-teraselor","status":"publish","type":"product","link":"https:\/\/solar.md\/ro\/product\/lampa-stradala-solara-cu-32-led-uri-este-perfecta-pentru-iluminatul-aleilor-si-teraselor\/","title":{"rendered":"Lamp\u0103 stradal\u0103 solar\u0103 cu 32 LED-uri este perfect\u0103 pentru iluminatul aleilor \u0219i teraselor"},"content":{"rendered":"<p data-sourcepos=\"7:1-7:13\"><strong>Descriere<\/strong><\/p>\n<p data-sourcepos=\"9:1-9:240\">Lampa solar\u0103 cu senzor de mi\u0219care, perfect\u0103 pentru iluminarea spa\u021biilor exterioare. Ofer\u0103 o lumin\u0103 puternic\u0103 \u0219i uniform\u0103, f\u0103r\u0103 a necesita o surs\u0103 de alimentare electric\u0103. Instalarea este rapid\u0103 \u0219i simpl\u0103, iar rezultatele sunt impresionante.<\/p>\n<p data-sourcepos=\"11:1-11:19\"><strong>Caracteristici:<\/strong><\/p>\n<ul data-sourcepos=\"13:1-20:0\">\n<li data-sourcepos=\"13:1-13:20\"><strong>Model:<\/strong> W7208-6<\/li>\n<li data-sourcepos=\"14:1-14:18\"><strong>Sec\u021biuni:<\/strong> 32<\/li>\n<li data-sourcepos=\"15:1-15:63\"><strong>Senzor de mi\u0219care:<\/strong> Detectare mi\u0219care \u0219i lumin\u0103 ambiental\u0103<\/li>\n<li data-sourcepos=\"16:1-20:0\"><strong>Moduri de func\u021bionare:<\/strong>\n<ul data-sourcepos=\"17:5-20:0\">\n<li data-sourcepos=\"17:5-17:92\"><strong>Mod automat:<\/strong> Se activeaz\u0103 automat la detectarea mi\u0219c\u0103rii \u00een condi\u021bii de \u00eentuneric.<\/li>\n<li data-sourcepos=\"18:5-18:117\"><strong>Mod combinat:<\/strong> Se aprinde la detectarea mi\u0219c\u0103rii \u0219i r\u0103m\u00e2ne aprins\u0103 la 30% din intensitate p\u00e2n\u0103 la diminea\u021b\u0103.<\/li>\n<li data-sourcepos=\"19:5-20:0\"><strong>Mod continuu:<\/strong> Se aprinde la amurg \u0219i r\u0103m\u00e2ne aprins\u0103 toat\u0103 noaptea.<\/li>\n<\/ul>\n<\/li>\n<\/ul>\n<p data-sourcepos=\"21:1-21:21\"><strong>Pachetul include:<\/strong><\/p>\n<ul data-sourcepos=\"23:1-27:0\">\n<li data-sourcepos=\"23:1-23:14\">Lamp\u0103 solar\u0103<\/li>\n<li data-sourcepos=\"24:1-24:18\">Suport de montaj<\/li>\n<li data-sourcepos=\"25:1-25:13\">Telecomand\u0103<\/li>\n<li data-sourcepos=\"26:1-27:0\">Ambalaj original<\/li>\n<\/ul>\n<p data-sourcepos=\"42:1-42:36\"><strong>Iluminare exterioar\u0103 inteligent\u0103<\/strong><\/p>\n<p data-sourcepos=\"44:1-44:220\">Aceast\u0103 lamp\u0103 solar\u0103 cu senzor de mi\u0219care este solu\u021bia perfect\u0103 pentru iluminarea gr\u0103dinii, terasei sau aleii. Se instaleaz\u0103 rapid \u0219i u\u0219or, iar datorit\u0103 panoului solar, nu necesit\u0103 nicio surs\u0103 de alimentare suplimentar\u0103.<\/p>\n<p data-sourcepos=\"46:1-46:14\"><strong>Beneficii:<\/strong><\/p>\n<ul data-sourcepos=\"48:1-52:0\">\n<li data-sourcepos=\"48:1-48:67\"><strong>Economie de energie:<\/strong> Func\u021bioneaz\u0103 cu energie solar\u0103 gratuit\u0103.<\/li>\n<li data-sourcepos=\"49:1-49:69\"><strong>U\u0219or de instalat:<\/strong> Nu necesit\u0103 cabluri sau lucr\u0103ri de instalare.<\/li>\n<li data-sourcepos=\"50:1-50:78\"><strong>Versatil:<\/strong> Trei moduri de func\u021bionare pentru a se adapta la orice nevoie.<\/li>\n<li data-sourcepos=\"51:1-52:0\"><strong>Durabil:<\/strong> Construc\u021bie robust\u0103 \u0219i rezistent\u0103 la intemperii.<\/li>\n<\/ul>\n","protected":false},"excerpt":{"rendered":"<p>Descriere Lampa solar\u0103 cu senzor de mi\u0219care, perfect\u0103 pentru iluminarea spa\u021biilor exterioare. Ofer\u0103 o lumin\u0103 puternic\u0103 \u0219i uniform\u0103, f\u0103r\u0103 a necesita o surs\u0103 de alimentare electric\u0103. Instalarea este rapid\u0103 \u0219i&hellip;<\/p>\n","protected":false},"featured_media":3304,"comment_status":"open","ping_status":"closed","template":"","meta":[],"product_brand":[],"product_cat":[252,258],"product_tag":[303,304,314,324,287,298,299,301,300,332,309,308,285,280,312,294,297,302,307,327,326,331,333,334,335,336,337,316,317,329,318,325,315,320],"class_list":{"0":"post-2816","1":"product","2":"type-product","3":"status-publish","4":"has-post-thumbnail","6":"product_cat-centrale-solare","7":"product_cat-lumini-stradale","8":"product_tag-alimentat-cu-energie-solara","9":"product_tag-panou-solar-ro","10":"product_tag-becuri-led","11":"product_tag-cu-baterie-solara","12":"product_tag-cumpara-lampa-de-gradina-solara","13":"product_tag-cumpara-lampa-stradala-moldova","14":"product_tag-cumpara-lantern-chisinau","15":"product_tag-cumpara-lumini-de-gradina","16":"product_tag-cumpara-o-lanterna-cu-senzor-de-miscare","17":"product_tag-felinar-de-gradina","18":"product_tag-lampa","19":"product_tag-lampa-de-gradina-cu-panouri-solare-ieftine","20":"product_tag-lampa-de-gradina-solara-ro","21":"product_tag-lampa-led","22":"product_tag-lampa-solara","23":"product_tag-lampa-solara-de-exterior","24":"product_tag-lampa-stradala","25":"product_tag-lampi-cu-energie-solara","26":"product_tag-lampi-de-gradina-moldova","27":"product_tag-lampi-solare-de-exterior","28":"product_tag-lampile-stradale-cu-led","29":"product_tag-lanterna","30":"product_tag-lanterna-care-se-incarca-de-la-soare","31":"product_tag-lantern-chisinau","32":"product_tag-lantern-moldova","33":"product_tag-lanterna-pe-perete","34":"product_tag-lanterna-pe-un-stalp","35":"product_tag-led","36":"product_tag-led-exterior","37":"product_tag-lumina-stradala","38":"product_tag-lumina-stradala-led","39":"product_tag-lumini-de-strada","40":"product_tag-lumini-led","41":"product_tag-lampa-solara-ro","43":"first","44":"instock","45":"shipping-taxable","46":"purchasable","47":"product-type-simple"},"aioseo_notices":[],"_links":{"self":[{"href":"https:\/\/solar.md\/ro\/wp-json\/wp\/v2\/product\/2816","targetHints":{"allow":["GET"]}}],"collection":[{"href":"https:\/\/solar.md\/ro\/wp-json\/wp\/v2\/product"}],"about":[{"href":"https:\/\/solar.md\/ro\/wp-json\/wp\/v2\/types\/product"}],"replies":[{"embeddable":true,"href":"https:\/\/solar.md\/ro\/wp-json\/wp\/v2\/comments?post=2816"}],"wp:featuredmedia":[{"embeddable":true,"href":"https:\/\/solar.md\/ro\/wp-json\/wp\/v2\/media\/3304"}],"wp:attachment":[{"href":"https:\/\/solar.md\/ro\/wp-json\/wp\/v2\/media?parent=2816"}],"wp:term":[{"taxonomy":"product_brand","embeddable":true,"href":"https:\/\/solar.md\/ro\/wp-json\/wp\/v2\/product_brand?post=2816"},{"taxonomy":"product_cat","embeddable":true,"href":"https:\/\/solar.md\/ro\/wp-json\/wp\/v2\/product_cat?post=2816"},{"taxonomy":"product_tag","embeddable":true,"href":"https:\/\/solar.md\/ro\/wp-json\/wp\/v2\/product_tag?post=2816"}],"curies":[{"name":"wp","href":"https:\/\/api.w.org\/{rel}","templated":true}]}}