{"id":2818,"date":"2025-01-08T20:08:29","date_gmt":"2025-01-08T18:08:29","guid":{"rendered":"https:\/\/solar.md\/?post_type=product&#038;p=2818"},"modified":"2025-01-09T13:02:03","modified_gmt":"2025-01-09T11:02:03","slug":"lampa-solara-cu-senzor-de-miscare-cu-3-setari-pentru-iluminarea-verandei","status":"publish","type":"product","link":"https:\/\/solar.md\/ro\/product\/lampa-solara-cu-senzor-de-miscare-cu-3-setari-pentru-iluminarea-verandei\/","title":{"rendered":"Lamp\u0103 solar\u0103 cu senzor de mi\u0219care, cu 3 set\u0103ri, pentru iluminarea verandei"},"content":{"rendered":"<p>Solar HW-999-2 Lamp\u0103 solar\u0103 pentru verand\u0103 montat\u0103 pe perete cu senzor de mi\u0219care Solar HW-999-2 Lantern\u0103 pentru 3 moduri<\/p>\n<p>Lumina solar\u0103 pentru verand\u0103 montat\u0103 pe perete cu senzor de mi\u0219care este o solu\u021bie modern\u0103 \u0219i ecologic\u0103 pentru iluminarea verandei, a aleii din gr\u0103din\u0103 sau a oric\u0103rei alte zone din jurul casei. Aceast\u0103 lumin\u0103 este alimentat\u0103 cu energie solar\u0103, ceea ce o face economic\u0103 \u0219i comod\u0103 de utilizat, deoarece nu necesit\u0103 o conexiune la re\u021bea.<\/p>\n<p>Aplic\u0103 impermeabil\u0103, alimentat\u0103 cu energie solar\u0103, cu senzor de mi\u0219care. R\u0103m\u00e2ne aprins\u0103 timp de 30 sec dup\u0103 ce un obiect intr\u0103 \u00een c\u00e2mpul senzorului de mi\u0219care, se stinge automat la 5 min dup\u0103 ce p\u0103r\u0103se\u0219te zona.<\/p>\n<p>Lumina solar\u0103 de perete este ideal\u0103 pentru cei care doresc s\u0103 asigure siguran\u021ba \u0219i confortul \u00een jurul casei lor, reduc\u00e2nd \u00een acela\u0219i timp costurile cu energia \u0219i contribuind la protec\u021bia mediului.<\/p>\n<p>Este utilizat\u0103 pentru iluminatul fa\u021badelor exterioare, iluminatul exterior al cl\u0103dirilor, utilizat\u0103 pentru iluminatul gr\u0103dinilor, cur\u021bilor \u0219i caselor de var\u0103. Butonul de pornire\/oprire este situat pe corpul l\u0103mpii.<\/p>\n<p>Avantaje:<\/p>\n<p>Energie solar\u0103 extins\u0103: aceast\u0103 lamp\u0103 de perete solar\u0103 pentru exterior utilizeaz\u0103 panouri solare policristaline de \u00eenalt\u0103 calitate, care extind durata de via\u021b\u0103 de 100 de ori \u0219i m\u0103resc eficien\u021ba de ie\u0219ire cu 10%.<br \/>\nControl inteligent al iluminatului. Spune\u021bi adio comutatoarelor complicate \u0219i bucura\u021bi-v\u0103 de iluminare u\u0219oar\u0103 cu lumina noastr\u0103 solar\u0103 de perete pentru exterior. Echipat\u0103 cu un senzor de control automat al luminii, aceasta se \u00eencarc\u0103 \u00een timpul zilei \u0219i se aprinde automat noaptea pentru confort.<br \/>\nTrei moduri de iluminare: configura\u021bi trei moduri &#8211; stingerea luminii de mers pe jos, dimmingul con\u0219tient de corpul uman \u0219i controlul inteligent al luminii &#8211; la atingerea unui buton.<br \/>\nPerforman\u021b\u0103 ridicat\u0103 \u0219i stabil\u0103: cu o baterie cu litiu de 1200mAh, aceast\u0103 lamp\u0103 solar\u0103 de perete pentru exterior ofer\u0103 o performan\u021b\u0103 stabil\u0103 \u0219i de lung\u0103 durat\u0103. Bazeaz\u0103-te pe bateria sa puternic\u0103 pentru a-\u021bi lumina \u00eemprejurimile \u00een fiecare noapte.<br \/>\nAplicabil pe scar\u0103 larg\u0103: ilumina\u021bi-v\u0103 spa\u021biul exterior f\u0103r\u0103 griji cu aceast\u0103 lumin\u0103 solar\u0103 de perete. Indicele de impermeabilitate IP65 garanteaz\u0103 rezisten\u021ba la jeturile de ap\u0103 \u00een orice direc\u021bie. Ilumina\u021bi-v\u0103 terasa, veranda, spa\u021biul pentru evenimente \u0219i multe altele.<\/p>\n<p>Caracteristici:<\/p>\n<p>Material: plastic ABS<br \/>\nPanou solar: 0,55 W, 5,5 V<br \/>\nBaterie: baterie Li-ion 1200mAh, 3.7V<br \/>\nDimensiuni: 18.7*17.5cm<br \/>\nGreutate: 365g<br \/>\nLungimea str\u0103lucirii: 5-8 \u043c<\/p>\n<p>Greutate<br \/>\n365 \u0433<br \/>\nSurs\u0103 de lumin\u0103<br \/>\nDiode<br \/>\nCantitate \u00een pachet<br \/>\n1 buc<br \/>\nNum\u0103r de l\u0103mpi<br \/>\n3 buc<br \/>\nMaterial corp<br \/>\nPlastic<br \/>\nTensiune<br \/>\n0.2 \u0412<br \/>\nAplica\u021bie de iluminare<br \/>\nPentru iluminatul \u0219oproanelor \u0219i pergolelor, Pentru iluminatul exterior al cl\u0103dirilor, Pentru iluminatul sc\u0103rilor, Pentru iluminatul structurilor publicitare, Pentru iluminatul pridvoarelor, Pentru iluminatul teraselor \u0219i balcoanelor, Pentru iluminatul u\u0219ilor \u0219i por\u021bilor de intrare<br \/>\nCondi\u021bii<br \/>\nNou<br \/>\nMetoda de montare<br \/>\nSuspendat\u0103<br \/>\nMetoda de iluminare<br \/>\nIluminare local\u0103<br \/>\nGrad de protec\u021bie IP<br \/>\n65<br \/>\nTip lamp\u0103<br \/>\nLED<br \/>\nTip iluminat<br \/>\nLantern\u0103<br \/>\nTipul de iluminare a mobilit\u0103\u021bii<br \/>\nSta\u021bionar\u0103<br \/>\nTip de alimentare<br \/>\nBaterie solar\u0103<br \/>\nTip LED<br \/>\nSMD<br \/>\nCuloarea carcasei<br \/>\nNegru<br \/>\nCuloarea panoului<br \/>\nNegru<br \/>\nCuloare luminescen\u021b\u0103<br \/>\nAlb cald<br \/>\nDimensiuni<br \/>\n\u00cen\u0103l\u021bime<br \/>\n17,5 cm<br \/>\nLungime<br \/>\n18,7 cm<br \/>\nCaracteristici suplimentare<br \/>\nSenzor de mi\u0219care<br \/>\nDa<br \/>\nGril\u0103 de siguran\u021b\u0103<br \/>\nNu<br \/>\nTemperatura maxim\u0103 de func\u021bionare<br \/>\n60 deg.<br \/>\nTemperatura minim\u0103 de func\u021bionare<br \/>\n-20 deg.<\/p>\n","protected":false},"excerpt":{"rendered":"<p>Solar HW-999-2 Lamp\u0103 solar\u0103 pentru verand\u0103 montat\u0103 pe perete cu senzor de mi\u0219care Solar HW-999-2 Lantern\u0103 pentru 3 moduri Lumina solar\u0103 pentru verand\u0103 montat\u0103 pe perete cu senzor de mi\u0219care&hellip;<\/p>\n","protected":false},"featured_media":2939,"comment_status":"closed","ping_status":"closed","template":"","meta":[],"product_brand":[],"product_cat":[252,258],"product_tag":[298,294,297,329,328],"class_list":{"0":"post-2818","1":"product","2":"type-product","3":"status-publish","4":"has-post-thumbnail","6":"product_cat-centrale-solare","7":"product_cat-lumini-stradale","8":"product_tag-cumpara-lampa-stradala-moldova","9":"product_tag-lampa-solara-de-exterior","10":"product_tag-lampa-stradala","11":"product_tag-lumina-stradala","12":"product_tag-lampa-stradala-ro","14":"first","15":"instock","16":"shipping-taxable","17":"purchasable","18":"product-type-simple"},"aioseo_notices":[],"_links":{"self":[{"href":"https:\/\/solar.md\/ro\/wp-json\/wp\/v2\/product\/2818","targetHints":{"allow":["GET"]}}],"collection":[{"href":"https:\/\/solar.md\/ro\/wp-json\/wp\/v2\/product"}],"about":[{"href":"https:\/\/solar.md\/ro\/wp-json\/wp\/v2\/types\/product"}],"replies":[{"embeddable":true,"href":"https:\/\/solar.md\/ro\/wp-json\/wp\/v2\/comments?post=2818"}],"wp:featuredmedia":[{"embeddable":true,"href":"https:\/\/solar.md\/ro\/wp-json\/wp\/v2\/media\/2939"}],"wp:attachment":[{"href":"https:\/\/solar.md\/ro\/wp-json\/wp\/v2\/media?parent=2818"}],"wp:term":[{"taxonomy":"product_brand","embeddable":true,"href":"https:\/\/solar.md\/ro\/wp-json\/wp\/v2\/product_brand?post=2818"},{"taxonomy":"product_cat","embeddable":true,"href":"https:\/\/solar.md\/ro\/wp-json\/wp\/v2\/product_cat?post=2818"},{"taxonomy":"product_tag","embeddable":true,"href":"https:\/\/solar.md\/ro\/wp-json\/wp\/v2\/product_tag?post=2818"}],"curies":[{"name":"wp","href":"https:\/\/api.w.org\/{rel}","templated":true}]}}