{"id":2819,"date":"2025-01-08T20:18:49","date_gmt":"2025-01-08T18:18:49","guid":{"rendered":"https:\/\/solar.md\/?post_type=product&#038;p=2819"},"modified":"2025-01-09T13:05:58","modified_gmt":"2025-01-09T11:05:58","slug":"lampa-exterioara-solara-cu-senzor-de-miscare","status":"publish","type":"product","link":"https:\/\/solar.md\/ro\/product\/lampa-exterioara-solara-cu-senzor-de-miscare\/","title":{"rendered":"Lamp\u0103 exterioar\u0103 solar\u0103 cu senzor de mi\u0219care"},"content":{"rendered":"<p data-sourcepos=\"7:1-7:83\"><strong>Lamp\u0103 solar\u0103 cu senzor de mi\u0219care &#8211; Solu\u021bia perfect\u0103 pentru iluminatul exterior<\/strong><\/p>\n<p data-sourcepos=\"9:1-9:517\">Prezent\u0103m o lamp\u0103 solar\u0103 cu LED-uri, ideal\u0103 pentru iluminarea eficient\u0103 \u0219i ecologic\u0103 a gr\u0103dinii sau a altor spa\u021bii exterioare. Cu o temperatur\u0103 de culoare de 6500K \u0219i un flux luminos de 800 lm, acest proiector ofer\u0103 o lumin\u0103 puternic\u0103 \u0219i pl\u0103cut\u0103. Datorit\u0103 panoului solar integrat, este o solu\u021bie ecologic\u0103 \u0219i economic\u0103. Senzorul de mi\u0219care \u00eencorporat activeaz\u0103 automat lumina atunci c\u00e2nd detecteaz\u0103 mi\u0219care, asigur\u00e2nd siguran\u021b\u0103 \u0219i economisind energie. Construc\u021bia robust\u0103 permite func\u021bionarea \u00een orice condi\u021bii meteo.<\/p>\n<p data-sourcepos=\"11:1-11:30\"><strong>Caracteristici principale:<\/strong><\/p>\n<ul data-sourcepos=\"13:1-18:0\">\n<li data-sourcepos=\"13:1-13:58\"><strong>Eficien\u021b\u0103 energetic\u0103:<\/strong> Func\u021bioneaz\u0103 cu energie solar\u0103<\/li>\n<li data-sourcepos=\"14:1-14:56\"><strong>Luminozitate:<\/strong> 800 lm, temperatur\u0103 de culoare 6500K<\/li>\n<li data-sourcepos=\"15:1-15:65\"><strong>Senzor de mi\u0219care:<\/strong> Activare automat\u0103 la detectarea mi\u0219c\u0103rii<\/li>\n<li data-sourcepos=\"16:1-16:43\"><strong>Durabilitate:<\/strong> Rezistent la intemperii<\/li>\n<li data-sourcepos=\"17:1-18:0\"><strong>U\u0219or de instalat:<\/strong> Nu necesit\u0103 cabluri<\/li>\n<\/ul>\n","protected":false},"excerpt":{"rendered":"<p>Lamp\u0103 solar\u0103 cu senzor de mi\u0219care &#8211; Solu\u021bia perfect\u0103 pentru iluminatul exterior Prezent\u0103m o lamp\u0103 solar\u0103 cu LED-uri, ideal\u0103 pentru iluminarea eficient\u0103 \u0219i ecologic\u0103 a gr\u0103dinii sau a altor spa\u021bii&hellip;<\/p>\n","protected":false},"featured_media":3055,"comment_status":"closed","ping_status":"closed","template":"","meta":[],"product_brand":[],"product_cat":[252,258],"product_tag":[298,294,297,329,328],"class_list":{"0":"post-2819","1":"product","2":"type-product","3":"status-publish","4":"has-post-thumbnail","6":"product_cat-centrale-solare","7":"product_cat-lumini-stradale","8":"product_tag-cumpara-lampa-stradala-moldova","9":"product_tag-lampa-solara-de-exterior","10":"product_tag-lampa-stradala","11":"product_tag-lumina-stradala","12":"product_tag-lampa-stradala-ro","14":"first","15":"instock","16":"shipping-taxable","17":"purchasable","18":"product-type-simple"},"aioseo_notices":[],"_links":{"self":[{"href":"https:\/\/solar.md\/ro\/wp-json\/wp\/v2\/product\/2819","targetHints":{"allow":["GET"]}}],"collection":[{"href":"https:\/\/solar.md\/ro\/wp-json\/wp\/v2\/product"}],"about":[{"href":"https:\/\/solar.md\/ro\/wp-json\/wp\/v2\/types\/product"}],"replies":[{"embeddable":true,"href":"https:\/\/solar.md\/ro\/wp-json\/wp\/v2\/comments?post=2819"}],"wp:featuredmedia":[{"embeddable":true,"href":"https:\/\/solar.md\/ro\/wp-json\/wp\/v2\/media\/3055"}],"wp:attachment":[{"href":"https:\/\/solar.md\/ro\/wp-json\/wp\/v2\/media?parent=2819"}],"wp:term":[{"taxonomy":"product_brand","embeddable":true,"href":"https:\/\/solar.md\/ro\/wp-json\/wp\/v2\/product_brand?post=2819"},{"taxonomy":"product_cat","embeddable":true,"href":"https:\/\/solar.md\/ro\/wp-json\/wp\/v2\/product_cat?post=2819"},{"taxonomy":"product_tag","embeddable":true,"href":"https:\/\/solar.md\/ro\/wp-json\/wp\/v2\/product_tag?post=2819"}],"curies":[{"name":"wp","href":"https:\/\/api.w.org\/{rel}","templated":true}]}}