{"id":2820,"date":"2025-01-08T20:35:03","date_gmt":"2025-01-08T18:35:03","guid":{"rendered":"https:\/\/solar.md\/?post_type=product&#038;p=2820"},"modified":"2025-01-09T13:07:42","modified_gmt":"2025-01-09T11:07:42","slug":"lampa-decorativa-de-perete-ideala-pentru-exterior-cu-protectie-ip44","status":"publish","type":"product","link":"https:\/\/solar.md\/ro\/product\/lampa-decorativa-de-perete-ideala-pentru-exterior-cu-protectie-ip44\/","title":{"rendered":"Lamp\u0103 decorativ\u0103 de perete, ideal\u0103 pentru exterior, cu protec\u021bie IP44"},"content":{"rendered":"<h3 data-sourcepos=\"7:1-7:17\"><strong>Descriere<\/strong><\/h3>\n<p data-sourcepos=\"9:1-12:121\"><strong>Func\u021bionare cu energie solar\u0103:<\/strong> F\u0103r\u0103 a avea nevoie de electricitate, aceast\u0103 lamp\u0103 este alimentat\u0103 de soare, fiind astfel ecologic\u0103 \u0219i economic\u0103. <strong>Re\u00eenc\u0103rcabil\u0103:<\/strong> Bateria intern\u0103 cu litiu poate fi re\u00eenc\u0103rcat\u0103 prin USB, elimin\u00e2nd necesitatea \u00eenlocuirii frecvente a bateriilor. <strong>Induc\u021bie uman\u0103:<\/strong> Lampa este proiectat\u0103 s\u0103 detecteze prezen\u021ba uman\u0103 \u0219i s\u0103 se aprind\u0103\/sting\u0103 automat, fiind convenabil\u0103 pentru utilizare \u00een locuri \u00eentunecate. <strong>Impermeabilitate IP44:<\/strong> Lampa este impermeabil\u0103, fiind potrivit\u0103 pentru utilizare \u00een exterior \u00een orice condi\u021bii meteo.<\/p>\n<h3 data-sourcepos=\"14:1-14:23\"><strong>Caracteristici:<\/strong><\/h3>\n<ol data-sourcepos=\"15:1-20:0\">\n<li data-sourcepos=\"15:1-15:190\"><strong>Ideal pentru decorarea exterioar\u0103:<\/strong> Aceast\u0103 nou\u0103 lamp\u0103 solar\u0103 de perete este perfect\u0103 pentru iluminarea \u0219i decorarea cur\u021bii, a parcului sau a gr\u0103dinii, cre\u00e2nd o atmosfer\u0103 fermec\u0103toare.<\/li>\n<li data-sourcepos=\"16:1-16:203\"><strong>Panou solar policristalin eficient:<\/strong> Lampa utilizeaz\u0103 tehnologia de siliciu policristalin pentru a absorbi rapid energia solar\u0103, asigur\u00e2nd aproximativ 8 ore de iluminare continu\u0103 pe timp de noapte.<\/li>\n<li data-sourcepos=\"17:1-17:220\"><strong>ABS de \u00eenalt\u0103 calitate:<\/strong> Fabricate cu precizie \u0219i aten\u021bie la detalii, aceste l\u0103mpi exterioare de siguran\u021b\u0103 prezint\u0103 un design rafinat, eman\u00e2nd elegan\u021b\u0103 \u0219i farmec, fiind un adaos clasic pentru orice spa\u021biu exterior.<\/li>\n<li data-sourcepos=\"18:1-18:218\"><strong>U\u0219or de instalat \u0219i versatil:<\/strong> Datorit\u0103 designului convenabil, aceste l\u0103mpi solare de perete sunt u\u0219or de instalat \u0219i pot fi amplasate \u00een diferite locuri. Sunt ideale pentru alei, gr\u0103dini, terase \u0219i multe altele.<\/li>\n<li data-sourcepos=\"19:1-20:0\"><strong>Durabilitate \u0219i eficien\u021b\u0103 energetic\u0103:<\/strong> Aceste aplice cu senzor de mi\u0219care, alimentate cu energie solar\u0103, asigur\u0103 o iluminare de lung\u0103 durat\u0103 f\u0103r\u0103 a necesita utilizarea electricit\u0103\u021bii. Sunt nu numai ecologice, dar \u0219i economice.<\/li>\n<\/ol>\n<h3 data-sourcepos=\"21:1-21:29\"><strong>Informa\u021bii detaliate:<\/strong><\/h3>\n<ul data-sourcepos=\"22:1-32:0\">\n<li data-sourcepos=\"22:1-22:41\"><strong>Nume produs:<\/strong> Lamp\u0103 solar\u0103 de perete<\/li>\n<li data-sourcepos=\"23:1-23:50\"><strong>Surs\u0103 de lumin\u0103:<\/strong> Bec cu filament de tungsten<\/li>\n<li data-sourcepos=\"24:1-24:40\"><strong>Panou solar:<\/strong> Siliciu policristalin<\/li>\n<li data-sourcepos=\"25:1-25:40\"><strong>Curent de \u00eenc\u0103rcare:<\/strong> 500MAH-550MAH<\/li>\n<li data-sourcepos=\"26:1-26:31\"><strong>Versiune cu o lamp\u0103:<\/strong> 141g<\/li>\n<li data-sourcepos=\"27:1-27:34\"><strong>Versiune cu dou\u0103 l\u0103mpi:<\/strong> 183g<\/li>\n<li data-sourcepos=\"28:1-28:37\"><strong>Clas\u0103 de impermeabilitate:<\/strong> IP65<\/li>\n<li data-sourcepos=\"29:1-29:40\"><strong>Dimensiuni produs:<\/strong> 52,4<em>20<\/em>18,5 cm<\/li>\n<li data-sourcepos=\"30:1-30:58\"><strong>Distan\u021ba de detectare:<\/strong> Senzor cu infraro\u0219u 6-8 metri<\/li>\n<li data-sourcepos=\"31:1-32:0\"><strong>Autonomie:<\/strong> \u00cenc\u0103rcare timp de 8 ore \u00een timpul zilei, cu 100 de activ\u0103ri pe noapte timp de 7 zile de utilizare<\/li>\n<\/ul>\n<h3 data-sourcepos=\"33:1-33:30\"><strong>Moduri de func\u021bionare:<\/strong><\/h3>\n<ul data-sourcepos=\"34:1-38:0\">\n<li data-sourcepos=\"34:1-38:0\"><strong>Trei moduri de vitez\u0103:<\/strong>\n<ol data-sourcepos=\"35:5-38:0\">\n<li data-sourcepos=\"35:5-35:85\">Mod inductiv (se aprinde la detectarea mi\u0219c\u0103rii, se stinge dup\u0103 20-25 secunde)<\/li>\n<li data-sourcepos=\"36:5-36:161\">Mod inductiv + lumin\u0103 de noapte (se aprinde la detectarea mi\u0219c\u0103rii, r\u0103m\u00e2ne aprins la o intensitate redus\u0103 timp de 20 de secunde, apoi se aprinde constant)<\/li>\n<li data-sourcepos=\"37:5-38:0\">Mod constant f\u0103r\u0103 induc\u021bie, lumin\u0103 constant\u0103 la 30%<\/li>\n<\/ol>\n<\/li>\n<\/ul>\n<p data-sourcepos=\"39:1-39:73\"><strong>Material produs:<\/strong> Siliciu policristalin + ABS + componente electronice<\/p>\n","protected":false},"excerpt":{"rendered":"<p>Descriere Func\u021bionare cu energie solar\u0103: F\u0103r\u0103 a avea nevoie de electricitate, aceast\u0103 lamp\u0103 este alimentat\u0103 de soare, fiind astfel ecologic\u0103 \u0219i economic\u0103. Re\u00eenc\u0103rcabil\u0103: Bateria intern\u0103 cu litiu poate fi re\u00eenc\u0103rcat\u0103&hellip;<\/p>\n","protected":false},"featured_media":3147,"comment_status":"closed","ping_status":"closed","template":"","meta":[],"product_brand":[],"product_cat":[252,258],"product_tag":[298,294,297,329,328],"class_list":{"0":"post-2820","1":"product","2":"type-product","3":"status-publish","4":"has-post-thumbnail","6":"product_cat-centrale-solare","7":"product_cat-lumini-stradale","8":"product_tag-cumpara-lampa-stradala-moldova","9":"product_tag-lampa-solara-de-exterior","10":"product_tag-lampa-stradala","11":"product_tag-lumina-stradala","12":"product_tag-lampa-stradala-ro","14":"first","15":"instock","16":"shipping-taxable","17":"purchasable","18":"product-type-simple"},"aioseo_notices":[],"_links":{"self":[{"href":"https:\/\/solar.md\/ro\/wp-json\/wp\/v2\/product\/2820","targetHints":{"allow":["GET"]}}],"collection":[{"href":"https:\/\/solar.md\/ro\/wp-json\/wp\/v2\/product"}],"about":[{"href":"https:\/\/solar.md\/ro\/wp-json\/wp\/v2\/types\/product"}],"replies":[{"embeddable":true,"href":"https:\/\/solar.md\/ro\/wp-json\/wp\/v2\/comments?post=2820"}],"wp:featuredmedia":[{"embeddable":true,"href":"https:\/\/solar.md\/ro\/wp-json\/wp\/v2\/media\/3147"}],"wp:attachment":[{"href":"https:\/\/solar.md\/ro\/wp-json\/wp\/v2\/media?parent=2820"}],"wp:term":[{"taxonomy":"product_brand","embeddable":true,"href":"https:\/\/solar.md\/ro\/wp-json\/wp\/v2\/product_brand?post=2820"},{"taxonomy":"product_cat","embeddable":true,"href":"https:\/\/solar.md\/ro\/wp-json\/wp\/v2\/product_cat?post=2820"},{"taxonomy":"product_tag","embeddable":true,"href":"https:\/\/solar.md\/ro\/wp-json\/wp\/v2\/product_tag?post=2820"}],"curies":[{"name":"wp","href":"https:\/\/api.w.org\/{rel}","templated":true}]}}