{"id":2827,"date":"2025-01-08T21:30:42","date_gmt":"2025-01-08T19:30:42","guid":{"rendered":"https:\/\/solar.md\/?post_type=product&#038;p=2827"},"modified":"2025-01-09T13:24:46","modified_gmt":"2025-01-09T11:24:46","slug":"proiector-cu-acumulator-si-panou-solar-200w","status":"publish","type":"product","link":"https:\/\/solar.md\/ro\/product\/proiector-cu-acumulator-si-panou-solar-200w\/","title":{"rendered":"Proiector cu acumulator \u0219i panou solar, 200W"},"content":{"rendered":"<ul data-sourcepos=\"5:1-6:0\">\n<li data-sourcepos=\"5:1-6:0\"><strong>Proiector solar cu telecomand\u0103, 200W<\/strong> &#8211; acesta este un proiector puternic, alimentat de o baterie re\u00eenc\u0103rcabil\u0103, echipat cu un panou solar integrat. Se activeaz\u0103 automat la amurg \u0219i se stinge la r\u0103s\u0103rit. Telecomanda permite ajustarea u\u0219oar\u0103 a set\u0103rilor. Ideal pentru iluminare \u00een orice condi\u021bii.<\/li>\n<\/ul>\n<p data-sourcepos=\"7:1-7:19\"><strong>Caracteristici:<\/strong><\/p>\n<ul data-sourcepos=\"9:1-16:0\">\n<li data-sourcepos=\"9:1-9:72\"><strong>Panou solar:<\/strong> Alimentare cu energie solar\u0103, ecologic\u0103 \u0219i eficient\u0103.<\/li>\n<li data-sourcepos=\"10:1-10:84\"><strong>Baterie:<\/strong> Litiu-ion (capacitate specific\u0103) pentru o autonomie de p\u00e2n\u0103 la 8 ore.<\/li>\n<li data-sourcepos=\"11:1-11:48\"><strong>LED-uri SMD:<\/strong> Lumin\u0103 puternic\u0103 \u0219i durabil\u0103.<\/li>\n<li data-sourcepos=\"12:1-12:46\"><strong>Corp din aluminiu:<\/strong> Rezistent \u0219i durabil.<\/li>\n<li data-sourcepos=\"13:1-13:47\"><strong>Telecomand\u0103:<\/strong> Control facil al func\u021biilor.<\/li>\n<li data-sourcepos=\"14:1-14:37\"><strong>IP67:<\/strong> Rezistent la ap\u0103 \u0219i praf.<\/li>\n<li data-sourcepos=\"15:1-16:0\"><strong>Unghi de iluminare:<\/strong> 60 de grade.<\/li>\n<\/ul>\n<p>Ilumineaz\u0103-\u021bi spa\u021biul exterior cu acest proiector solar inovator. Cu un design elegant \u0219i func\u021bii inteligente, acest proiector ofer\u0103 o solu\u021bie eficient\u0103 \u0219i ecologic\u0103 pentru iluminarea gr\u0103dinii, terasei sau a altor zone exterioare.<\/p>\n","protected":false},"excerpt":{"rendered":"<p>Proiector solar cu telecomand\u0103, 200W &#8211; acesta este un proiector puternic, alimentat de o baterie re\u00eenc\u0103rcabil\u0103, echipat cu un panou solar integrat. Se activeaz\u0103 automat la amurg \u0219i se stinge&hellip;<\/p>\n","protected":false},"featured_media":3037,"comment_status":"closed","ping_status":"closed","template":"","meta":[],"product_brand":[],"product_cat":[252,345],"product_tag":[298,299,284,338],"class_list":{"0":"post-2827","1":"product","2":"type-product","3":"status-publish","4":"has-post-thumbnail","6":"product_cat-centrale-solare","7":"product_cat-panouri-solare-ro","8":"product_tag-cumpara-lampa-stradala-moldova","9":"product_tag-cumpara-lantern-chisinau","10":"product_tag-lampa-cu-led","11":"product_tag-lanterna-alimentata-cu-energie-solara","13":"first","14":"instock","15":"shipping-taxable","16":"purchasable","17":"product-type-simple"},"aioseo_notices":[],"_links":{"self":[{"href":"https:\/\/solar.md\/ro\/wp-json\/wp\/v2\/product\/2827","targetHints":{"allow":["GET"]}}],"collection":[{"href":"https:\/\/solar.md\/ro\/wp-json\/wp\/v2\/product"}],"about":[{"href":"https:\/\/solar.md\/ro\/wp-json\/wp\/v2\/types\/product"}],"replies":[{"embeddable":true,"href":"https:\/\/solar.md\/ro\/wp-json\/wp\/v2\/comments?post=2827"}],"wp:featuredmedia":[{"embeddable":true,"href":"https:\/\/solar.md\/ro\/wp-json\/wp\/v2\/media\/3037"}],"wp:attachment":[{"href":"https:\/\/solar.md\/ro\/wp-json\/wp\/v2\/media?parent=2827"}],"wp:term":[{"taxonomy":"product_brand","embeddable":true,"href":"https:\/\/solar.md\/ro\/wp-json\/wp\/v2\/product_brand?post=2827"},{"taxonomy":"product_cat","embeddable":true,"href":"https:\/\/solar.md\/ro\/wp-json\/wp\/v2\/product_cat?post=2827"},{"taxonomy":"product_tag","embeddable":true,"href":"https:\/\/solar.md\/ro\/wp-json\/wp\/v2\/product_tag?post=2827"}],"curies":[{"name":"wp","href":"https:\/\/api.w.org\/{rel}","templated":true}]}}