{"id":2830,"date":"2025-01-08T21:58:41","date_gmt":"2025-01-08T19:58:41","guid":{"rendered":"https:\/\/solar.md\/?post_type=product&#038;p=2830"},"modified":"2025-01-09T13:29:29","modified_gmt":"2025-01-09T11:29:29","slug":"lampa-solara-inteligenta-cu-12-led-uri-pentru-montaj-pe-perete","status":"publish","type":"product","link":"https:\/\/solar.md\/ro\/product\/lampa-solara-inteligenta-cu-12-led-uri-pentru-montaj-pe-perete\/","title":{"rendered":"Lamp\u0103 solar\u0103 inteligent\u0103 cu 12 LED-uri, pentru montaj pe perete"},"content":{"rendered":"<p>Lumini solare pentru garduri solare \u00een aer liber cu iluminare multicolor\u0103, sus \u0219i jos, lumini solare de perete stradal, impermeabile, IP65, lumini solare de gard pentru curte \/ garaj \/ strad\u0103 \/ verand\u0103<\/p>\n<p>Despre acest produs<\/p>\n<p>\ud83c\udf1e\u3010\u3010Lumini solare pentru gard cu lumin\u0103 direc\u021bional\u0103 \u00een sus \u0219i \u00een jos\u3011Lumini solare pentru gard, impermeabile, au 6 fascicule LED \u00een partea superioar\u0103 \u0219i inferioar\u0103, ofer\u0103 lumin\u0103 cald\u0103 at\u00e2t \u00een sus, c\u00e2t \u0219i \u00een jos, ilumin\u00e2nd curtea \u00een timp ce spore\u0219te sentimentul de atmosfer\u0103 festiv\u0103. Dimensiunea luminilor de gard alimentate cu energie solar\u0103 este de 7,48 * 2,56 * 3,57 inch, care este o dimensiune medie. Potrivit pentru cur\u021bi, terase, pere\u021bi, garduri, terase, trotuare, cur\u021bi din fa\u021b\u0103, gr\u0103dini, pun\u021bi, balcoane, verande, drumuri, cas\u0103, coridor, piscin\u0103, sal\u0103 de mese, cafenea etc.<br \/>\n\ud83c\udf1e\u3010\u3010Dou\u0103 op\u021biuni de luminozitate pentru luminile solare pentru garduri\u3011Iluminarea dubl\u0103 pe partea superioar\u0103 \u0219i inferioar\u0103 a luminilor solare pentru garduri \u0219i capacitatea de a regla dou\u0103 moduri de intensitate a luminozit\u0103\u021bii le fac un element decorativ adaptiv. Luminile calde de perete pentru garduri alimentate cu energie solar\u0103 sunt proiectate at\u00e2t pentru ambian\u021b\u0103, c\u00e2t \u0219i pentru vizibilitate. \u00cenc\u0103rcare automat\u0103 4-8 ore cu panou solar de \u00eenalt\u0103 eficien\u021b\u0103, str\u0103luce\u0219te noaptea timp de peste 15 ore de func\u021bionare continu\u0103. Panou solar din siliciu monocristalin de 1,5W cu design avansat, panoul solar de 25 \u00b0 este mai u\u0219or de primit energie solar\u0103 dec\u00e2t 180 \u00b0 \u0219i se poate \u00eenc\u0103rca rapid \u0219i eficient.<br \/>\n\ud83c\udf1e\u3010Fence Street Lights IP65 Waterproof\u3011 Nu trebuie s\u0103 v\u0103 face\u021bi griji cu privire la vreme. Proiectat cu materiale impermeabile, IP65 rezistent la ap\u0103 \u0219i durabil, aceast\u0103 lumin\u0103 solar\u0103 pentru garduri poate rezista la diverse condi\u021bii exterioare, cum ar fi ploaia, z\u0103pada \u0219i temperaturile extreme. Panoul solar este o parte important\u0103 pentru conversia energiei solare \u0219i trebuie cur\u0103\u021bat \u00een mod regulat pentru a-\u0219i men\u021bine bunele propriet\u0103\u021bi de absorb\u021bie a luminii. Dac\u0103 lumina solar\u0103 pentru gard nu este utilizat\u0103 pentru o perioad\u0103 lung\u0103 de timp, aceasta trebuie depozitat\u0103 \u00eentr-un loc uscat \u0219i ventilat.<br \/>\n\ud83c\udf1e\u3010Instalarea u\u0219oar\u0103 a felinarelor solare de gard\u3011 Felinarul solar este foarte u\u0219or de instalat \u0219i grozav de utilizat \u00een diferite locuri pentru diferite scopuri. Pute\u021bi utiliza \u0219uruburi (incluse) sau band\u0103 dublu adeziv\u0103 (neinclus\u0103) \u0219i alege\u021bi un loc cu lumin\u0103 solar\u0103 direct\u0103 pentru instalare. Butonul de alimentare din dreapta, ap\u0103sa\u021bi lung pentru a porni, apoi comuta\u021bi la ridicat, sc\u0103zut \u0219i oprit. Luminile noastre solare pentru garduri pot fi dezasamblate la dorin\u021b\u0103, pot fi \u00eenc\u0103rcate afar\u0103 \u00een timpul zilei \u0219i plasate \u00een interior pentru utilizare pe timp de noapte, care este, de asemenea, un mod excelent de a le folosi. De exemplu coridoare, toalete, interioare, hale etc.<br \/>\n\ud83c\udf1e V\u0103 rug\u0103m s\u0103 re\u021bine\u021bi: luminile solare pentru garduri nu sunt foarte luminoase, deci nu vor func\u021biona pentru iluminatul verandei, dar dac\u0103 ave\u021bi nevoie de ceva ca un accent, acestea vor func\u021biona pentru asta. Umbra, luminile stradale, sursele puternice de lumin\u0103 interioar\u0103 etc. pot afecta capacitatea sa de a fi recunoscute. Ar trebui instalat \u00eentr-o zon\u0103 lipsit\u0103 de obstacole \u0219i alte surse de lumin\u0103.<\/p>\n","protected":false},"excerpt":{"rendered":"<p>Lumini solare pentru garduri solare \u00een aer liber cu iluminare multicolor\u0103, sus \u0219i jos, lumini solare de perete stradal, impermeabile, IP65, lumini solare de gard pentru curte \/ garaj \/&hellip;<\/p>\n","protected":false},"featured_media":3107,"comment_status":"closed","ping_status":"closed","template":"","meta":[],"product_brand":[],"product_cat":[252,256],"product_tag":[298,294,297,329,328],"class_list":{"0":"post-2830","1":"product","2":"type-product","3":"status-publish","4":"has-post-thumbnail","6":"product_cat-centrale-solare","7":"product_cat-lumini-de-perete","8":"product_tag-cumpara-lampa-stradala-moldova","9":"product_tag-lampa-solara-de-exterior","10":"product_tag-lampa-stradala","11":"product_tag-lumina-stradala","12":"product_tag-lampa-stradala-ro","14":"first","15":"instock","16":"shipping-taxable","17":"purchasable","18":"product-type-simple"},"aioseo_notices":[],"_links":{"self":[{"href":"https:\/\/solar.md\/ro\/wp-json\/wp\/v2\/product\/2830","targetHints":{"allow":["GET"]}}],"collection":[{"href":"https:\/\/solar.md\/ro\/wp-json\/wp\/v2\/product"}],"about":[{"href":"https:\/\/solar.md\/ro\/wp-json\/wp\/v2\/types\/product"}],"replies":[{"embeddable":true,"href":"https:\/\/solar.md\/ro\/wp-json\/wp\/v2\/comments?post=2830"}],"wp:featuredmedia":[{"embeddable":true,"href":"https:\/\/solar.md\/ro\/wp-json\/wp\/v2\/media\/3107"}],"wp:attachment":[{"href":"https:\/\/solar.md\/ro\/wp-json\/wp\/v2\/media?parent=2830"}],"wp:term":[{"taxonomy":"product_brand","embeddable":true,"href":"https:\/\/solar.md\/ro\/wp-json\/wp\/v2\/product_brand?post=2830"},{"taxonomy":"product_cat","embeddable":true,"href":"https:\/\/solar.md\/ro\/wp-json\/wp\/v2\/product_cat?post=2830"},{"taxonomy":"product_tag","embeddable":true,"href":"https:\/\/solar.md\/ro\/wp-json\/wp\/v2\/product_tag?post=2830"}],"curies":[{"name":"wp","href":"https:\/\/api.w.org\/{rel}","templated":true}]}}