{"id":2831,"date":"2025-01-08T15:26:29","date_gmt":"2025-01-08T13:26:29","guid":{"rendered":"https:\/\/solar.md\/?post_type=product&#038;p=2831"},"modified":"2025-01-09T13:32:09","modified_gmt":"2025-01-09T11:32:09","slug":"lampa-stradala-solara-cu-baterie-panou-solar-si-senzor-de-lumina","status":"publish","type":"product","link":"https:\/\/solar.md\/ro\/product\/lampa-stradala-solara-cu-baterie-panou-solar-si-senzor-de-lumina\/","title":{"rendered":"Lamp\u0103 stradal\u0103 solar\u0103 cu baterie, panou solar \u0219i senzor de lumin\u0103"},"content":{"rendered":"<h3>CARACTERISTICE:<\/h3>\n<ul data-sourcepos=\"7:1-19:0\">\n<li data-sourcepos=\"7:1-7:30\"><strong>Sursa de lumin\u0103:<\/strong> LED SMD<\/li>\n<li data-sourcepos=\"8:1-8:35\"><strong>Tensiune de intrare (V):<\/strong> 12 V<\/li>\n<li data-sourcepos=\"9:1-9:30\"><strong>Flux luminos (lm):<\/strong> 20000<\/li>\n<li data-sourcepos=\"10:1-10:39\"><strong>Temperatura de lucru (\u00b0C):<\/strong> -10-60<\/li>\n<li data-sourcepos=\"11:1-11:34\"><strong>Durata de via\u021b\u0103 (ore):<\/strong> 45000<\/li>\n<li data-sourcepos=\"12:1-12:29\"><strong>Grad de protec\u021bie:<\/strong> IP65<\/li>\n<li data-sourcepos=\"13:1-13:35\"><strong>Unghiul fasciculului (\u00b0):<\/strong> 125<\/li>\n<li data-sourcepos=\"14:1-14:47\"><strong>Material corp:<\/strong> ABS + panou solar + suport<\/li>\n<li data-sourcepos=\"15:1-15:47\"><strong>Distan\u021ba de detectare:<\/strong> 10 metri 125 grade<\/li>\n<li data-sourcepos=\"16:1-16:31\"><strong>Material:<\/strong> plastic ABS nou<\/li>\n<li data-sourcepos=\"17:1-17:54\"><strong>Mod de lucru:<\/strong> induc\u021bie infraro\u0219u a corpului uman<\/li>\n<li data-sourcepos=\"18:1-19:0\"><strong>Timp de \u00eenc\u0103rcare:<\/strong> \u2265 8 ore (poate func\u021biona continuu timp de 3 ~ 4 zile)<\/li>\n<\/ul>\n<h3 data-sourcepos=\"20:1-20:13\">Descriere<\/h3>\n<p data-sourcepos=\"22:1-22:424\">O lamp\u0103 solar\u0103 eficient\u0103 cu LED-uri SMD, cu un panou solar conectat, este o surs\u0103 inepuizabil\u0103 de energie gratuit\u0103 pentru casa ta. Monteaz\u0103-o oriunde &#8211; senzorul de mi\u0219care func\u021bioneaz\u0103 \u00eentr-o raz\u0103 de 10 metri de la lamp\u0103. Reduce costurile de iluminat exterior, pun\u00e2nd accentul pe ecologie \u2013 nu este nevoie s\u0103 \u00eenlocuie\u0219ti bateriile \u0219i s\u0103 schimbi frecvent becurile. LED-urile SMD au o durat\u0103 de via\u021b\u0103 de p\u00e2n\u0103 la 45.000 de ore.<\/p>\n<p data-sourcepos=\"24:1-24:26\"><strong>3 moduri de iluminare:<\/strong><\/p>\n<ul data-sourcepos=\"26:1-29:0\">\n<li data-sourcepos=\"26:1-26:120\"><strong>Mod 1:<\/strong> Se activeaz\u0103 automat la detectarea mi\u0219c\u0103rii \u0219i se dezactiveaz\u0103 dup\u0103 aproximativ 30 de secunde de iluminare.<\/li>\n<li data-sourcepos=\"27:1-27:106\"><strong>Mod 2:<\/strong> Se activeaz\u0103 \u00eentotdeauna \u00een condi\u021bii de \u00eentuneric, devine mai luminos la detectarea mi\u0219c\u0103rii.<\/li>\n<li data-sourcepos=\"28:1-29:0\"><strong>Mod 3:<\/strong> Farurile se activeaz\u0103 automat \u00een \u00eentuneric \u0219i se dezactiveaz\u0103 \u00een timpul zilei.<\/li>\n<\/ul>\n<p data-sourcepos=\"30:1-30:13\"><strong>Avantaje:<\/strong><\/p>\n<ul data-sourcepos=\"32:1-37:0\">\n<li data-sourcepos=\"32:1-32:116\">Aceast\u0103 lamp\u0103 se \u00eencarc\u0103 \u00een principal cu energie solar\u0103, cu o vitez\u0103 mare de conversie \u0219i o durat\u0103 de via\u021b\u0103 lung\u0103.<\/li>\n<li data-sourcepos=\"33:1-33:163\">Farul poate fi \u00eenc\u0103rcat timp de 6-8 ore sub lumina direct\u0103 a soarelui, iar durata de func\u021bionare este de aproximativ 8-10 ore. Folose\u0219te energie solar\u0103 gratuit\u0103!<\/li>\n<li data-sourcepos=\"34:1-34:129\">Exteriorul IP65 rezistent la ap\u0103, lumina solar\u0103 exterioar\u0103 rezistent\u0103 la ap\u0103 are un comutator extern integrat rezistent la ap\u0103.<\/li>\n<li data-sourcepos=\"35:1-35:220\">Materialele avansate \u0219i PVC-ul de \u00eenalt\u0103 calitate au o transmisie luminoas\u0103 ridicat\u0103, astfel \u00eenc\u00e2t l\u0103mpile solare exterioare pot func\u021biona \u00een orice condi\u021bii meteorologice, cum ar fi ploaie, z\u0103pad\u0103, \u00eenghe\u021b sau lapovi\u021b\u0103.<\/li>\n<li data-sourcepos=\"36:1-37:0\">Lampa poate fi controlat\u0103 wireless cu ajutorul telecomenzii incluse.<\/li>\n<\/ul>\n","protected":false},"excerpt":{"rendered":"<p>CARACTERISTICE: Sursa de lumin\u0103: LED SMD Tensiune de intrare (V): 12 V Flux luminos (lm): 20000 Temperatura de lucru (\u00b0C): -10-60 Durata de via\u021b\u0103 (ore): 45000 Grad de protec\u021bie: IP65&hellip;<\/p>\n","protected":false},"featured_media":3262,"comment_status":"closed","ping_status":"closed","template":"","meta":[],"product_brand":[],"product_cat":[252,258],"product_tag":[298,284,294,297,329,328],"class_list":{"0":"post-2831","1":"product","2":"type-product","3":"status-publish","4":"has-post-thumbnail","6":"product_cat-centrale-solare","7":"product_cat-lumini-stradale","8":"product_tag-cumpara-lampa-stradala-moldova","9":"product_tag-lampa-cu-led","10":"product_tag-lampa-solara-de-exterior","11":"product_tag-lampa-stradala","12":"product_tag-lumina-stradala","13":"product_tag-lampa-stradala-ro","15":"first","16":"instock","17":"shipping-taxable","18":"purchasable","19":"product-type-simple"},"aioseo_notices":[],"_links":{"self":[{"href":"https:\/\/solar.md\/ro\/wp-json\/wp\/v2\/product\/2831","targetHints":{"allow":["GET"]}}],"collection":[{"href":"https:\/\/solar.md\/ro\/wp-json\/wp\/v2\/product"}],"about":[{"href":"https:\/\/solar.md\/ro\/wp-json\/wp\/v2\/types\/product"}],"replies":[{"embeddable":true,"href":"https:\/\/solar.md\/ro\/wp-json\/wp\/v2\/comments?post=2831"}],"wp:featuredmedia":[{"embeddable":true,"href":"https:\/\/solar.md\/ro\/wp-json\/wp\/v2\/media\/3262"}],"wp:attachment":[{"href":"https:\/\/solar.md\/ro\/wp-json\/wp\/v2\/media?parent=2831"}],"wp:term":[{"taxonomy":"product_brand","embeddable":true,"href":"https:\/\/solar.md\/ro\/wp-json\/wp\/v2\/product_brand?post=2831"},{"taxonomy":"product_cat","embeddable":true,"href":"https:\/\/solar.md\/ro\/wp-json\/wp\/v2\/product_cat?post=2831"},{"taxonomy":"product_tag","embeddable":true,"href":"https:\/\/solar.md\/ro\/wp-json\/wp\/v2\/product_tag?post=2831"}],"curies":[{"name":"wp","href":"https:\/\/api.w.org\/{rel}","templated":true}]}}